{"id":153526,"date":"2023-06-29T10:14:15","date_gmt":"2023-06-29T08:14:15","guid":{"rendered":"https:\/\/degoma.es?page_id=153526"},"modified":"2024-09-04T19:18:55","modified_gmt":"2024-09-04T17:18:55","slug":"company","status":"publish","type":"page","link":"https:\/\/degoma.es\/en\/empresa\/","title":{"rendered":"Empresa"},"content":{"rendered":"\t\t<div data-elementor-type=\"wp-page\" data-elementor-id=\"153526\" class=\"elementor elementor-153526\" data-elementor-post-type=\"page\">\n\t\t\t\t\t\t<section class=\"elementor-section elementor-top-section elementor-element elementor-element-30da1417 elementor-section-content-middle wd-section-stretch elementor-section-height-min-height elementor-section-boxed elementor-section-height-default elementor-section-items-middle\" data-id=\"30da1417\" data-element_type=\"section\" data-e-type=\"section\" data-settings=\"{&quot;background_background&quot;:&quot;classic&quot;,&quot;background_motion_fx_motion_fx_scrolling&quot;:&quot;yes&quot;,&quot;background_motion_fx_translateX_effect&quot;:&quot;yes&quot;,&quot;background_motion_fx_translateX_speed&quot;:{&quot;unit&quot;:&quot;px&quot;,&quot;size&quot;:4,&quot;sizes&quot;:[]},&quot;background_motion_fx_translateX_affectedRange&quot;:{&quot;unit&quot;:&quot;%&quot;,&quot;size&quot;:&quot;&quot;,&quot;sizes&quot;:{&quot;start&quot;:0,&quot;end&quot;:100}},&quot;background_motion_fx_devices&quot;:[&quot;desktop&quot;,&quot;tablet&quot;,&quot;mobile&quot;]}\">\n\t\t\t\t\t\t\t<div class=\"elementor-background-overlay\"><\/div>\n\t\t\t\t\t\t\t<div class=\"elementor-container elementor-column-gap-default\">\n\t\t\t\t\t<div class=\"elementor-column elementor-col-50 elementor-top-column elementor-element elementor-element-1bd0f509 color-scheme-light\" data-id=\"1bd0f509\" data-element_type=\"column\" data-e-type=\"column\">\n\t\t\t<div class=\"elementor-widget-wrap elementor-element-populated\">\n\t\t\t\t\t\t<div class=\"elementor-element elementor-element-144366e elementor-widget elementor-widget-heading\" data-id=\"144366e\" data-element_type=\"widget\" data-e-type=\"widget\" data-widget_type=\"heading.default\">\n\t\t\t\t<div class=\"elementor-widget-container\">\n\t\t\t\t\t<h2 class=\"elementor-heading-title elementor-size-default\">Compromiso DEGOMA<\/h2>\t\t\t\t<\/div>\n\t\t\t\t<\/div>\n\t\t\t\t<div class=\"elementor-element elementor-element-d517e0b color-scheme-inherit text-left elementor-widget elementor-widget-text-editor\" data-id=\"d517e0b\" data-element_type=\"widget\" data-e-type=\"widget\" data-widget_type=\"text-editor.default\">\n\t\t\t\t<div class=\"elementor-widget-container\">\n\t\t\t\t\t\t\t\t\t<p>Degoma.es\u00a0 | Tu proveedor aliado en suelos de caucho en losetas&#8230;<\/p><p>En Degoma.es, la confianza es el pilar fundamental que nos define. Nos consideramos m\u00e1s que un proveedor de suelos de caucho, somos tus aliados en la creaci\u00f3n de espacios seguros, funcionales y divertidos.<\/p><p>Somos especialistas en la fabricaci\u00f3n de suelos de caucho reciclado en losetas SBR para zonas de juego en parques infantiles en exterior,\u00a0 parques de Calistenia, zonas de entrenamiento y parques Biosaludables,\u00a0 Parkour, suelos para gimnasios Crossfit, suelos para terrazas y patios, etc&#8230;<\/p><p>Nos enorgullece contar con un equipo comprometido y apasionado que trabaja d\u00eda a d\u00eda para ofrecerte los mejores productos y soluciones personalizadas. Desde nuestras instalaciones de vanguardia, gestionamos de forma eficiente cada pedido y nos aseguramos de que llegue a ti en tiempo y forma, superando tus expectativas.<\/p><p>Pero nuestra relaci\u00f3n no se basa solo en el negocio. Valoramos la confianza mutua y nos esforzamos por construir un ambiente de trabajo inclusivo y respetuoso.\u00a0<\/p>\t\t\t\t\t\t\t\t<\/div>\n\t\t\t\t<\/div>\n\t\t\t\t\t<\/div>\n\t\t<\/div>\n\t\t\t\t<div class=\"elementor-column elementor-col-50 elementor-top-column elementor-element elementor-element-2d505f25\" data-id=\"2d505f25\" data-element_type=\"column\" data-e-type=\"column\" data-settings=\"{&quot;background_background&quot;:&quot;classic&quot;}\">\n\t\t\t<div class=\"elementor-widget-wrap elementor-element-populated\">\n\t\t\t\t\t\t<div class=\"elementor-element elementor-element-4026a2f8 elementor-widget elementor-widget-image\" data-id=\"4026a2f8\" data-element_type=\"widget\" data-e-type=\"widget\" data-widget_type=\"image.default\">\n\t\t\t\t<div class=\"elementor-widget-container\">\n\t\t\t\t\t\t\t\t\t\t\t\t\t\t\t<img decoding=\"async\" width=\"1846\" height=\"498\" src=\"https:\/\/degoma.es\/wp-content\/uploads\/2023\/06\/degomawhite.svg\" class=\"attachment-large size-large wp-image-153550\" alt=\"\" \/>\t\t\t\t\t\t\t\t\t\t\t\t\t\t\t<\/div>\n\t\t\t\t<\/div>\n\t\t\t\t\t<\/div>\n\t\t<\/div>\n\t\t\t\t\t<\/div>\n\t\t<\/section>\n\t\t\t\t<section class=\"elementor-section elementor-top-section elementor-element elementor-element-242c80c2 wd-section-stretch elementor-section-boxed elementor-section-height-default elementor-section-height-default\" data-id=\"242c80c2\" data-element_type=\"section\" data-e-type=\"section\" data-settings=\"{&quot;background_background&quot;:&quot;classic&quot;}\">\n\t\t\t\t\t\t<div class=\"elementor-container elementor-column-gap-default\">\n\t\t\t\t\t<div class=\"elementor-column elementor-col-50 elementor-top-column elementor-element elementor-element-5ae902ad\" data-id=\"5ae902ad\" data-element_type=\"column\" data-e-type=\"column\" data-settings=\"{&quot;background_background&quot;:&quot;classic&quot;}\">\n\t\t\t<div class=\"elementor-widget-wrap\">\n\t\t\t\t\t\t\t<\/div>\n\t\t<\/div>\n\t\t\t\t<div class=\"elementor-column elementor-col-50 elementor-top-column elementor-element elementor-element-1c2cd665\" data-id=\"1c2cd665\" data-element_type=\"column\" data-e-type=\"column\">\n\t\t\t<div class=\"elementor-widget-wrap elementor-element-populated\">\n\t\t\t\t\t\t<div class=\"elementor-element elementor-element-39ec4601 elementor-widget elementor-widget-heading\" data-id=\"39ec4601\" data-element_type=\"widget\" data-e-type=\"widget\" data-widget_type=\"heading.default\">\n\t\t\t\t<div class=\"elementor-widget-container\">\n\t\t\t\t\t<h2 class=\"elementor-heading-title elementor-size-default\">Sobre nosotros<\/h2>\t\t\t\t<\/div>\n\t\t\t\t<\/div>\n\t\t\t\t<div class=\"elementor-element elementor-element-712dc46 color-scheme-inherit text-left elementor-widget elementor-widget-text-editor\" data-id=\"712dc46\" data-element_type=\"widget\" data-e-type=\"widget\" data-widget_type=\"text-editor.default\">\n\t\t\t\t<div class=\"elementor-widget-container\">\n\t\t\t\t\t\t\t\t\t<p>En DEGOMA, nos enorgullece ser una empresa l\u00edder en la industria de suelos de caucho. Con una trayectoria s\u00f3lida y a\u00f1os de experiencia, hemos establecido una reputaci\u00f3n destacada por brindar soluciones innovadoras y de alta calidad para una amplia variedad de proyectos.<\/p><p>Nuestra pasi\u00f3n por nuestro trabajo impulsa cada aspecto de nuestra empresa. Nos apasiona crear espacios seguros, funcionales y est\u00e9ticamente atractivos, donde la comodidad y la durabilidad sean fundamentales. Nos esforzamos por superar las expectativas de nuestros clientes en cada proyecto, brindando soluciones personalizadas que se adapten a sus necesidades espec\u00edficas.<\/p><p>En DEGOMA, contamos con un equipo experto y comprometido que se dedica a comprender a fondo los desaf\u00edos y requisitos de cada cliente. Nos enorgullece contar con profesionales capacitados en el sector de suelos de caucho, quienes poseen un profundo conocimiento de los productos, las \u00faltimas tendencias y las mejores pr\u00e1cticas de instalaci\u00f3n.<\/p><p>Valoramos la transparencia y la comunicaci\u00f3n abierta en todas nuestras relaciones comerciales. Nos esforzamos por establecer una colaboraci\u00f3n estrecha con nuestros clientes, escuchando atentamente sus necesidades y brindando asesoramiento experto en cada etapa del proceso. Nuestro objetivo es convertirnos en un socio confiable y de confianza para nuestros clientes, trabajando juntos para lograr resultados sobresalientes y satisfactorios.<\/p><p>En DEGOMA, nos comprometemos a mantenernos a la vanguardia de la industria, invirtiendo en tecnolog\u00eda de punta y manteni\u00e9ndonos actualizados sobre las \u00faltimas innovaciones en suelos de caucho. Buscamos constantemente nuevas formas de mejorar y expandir nuestra gama de productos, para ofrecer soluciones vers\u00e1tiles y adaptadas a las necesidades cambiantes de nuestros clientes.<\/p><p>La satisfacci\u00f3n del cliente es nuestra m\u00e1xima prioridad. Nos enorgullece haber ganado la confianza de numerosos clientes, incluyendo colegios, centros deportivos, parques tem\u00e1ticos, empresas constructoras y m\u00e1s. Apreciamos profundamente la confianza depositada en nosotros y nos esforzamos por mantener relaciones duraderas y mutuamente beneficiosas con cada cliente.<\/p><p>En DEGOMA, nos impulsa el compromiso de crear espacios seguros, duraderos y est\u00e9ticamente agradables con nuestros suelos de caucho. Estamos emocionados de formar parte de tus proyectos y ser tu elecci\u00f3n confiable en soluciones de suelos de caucho. \u00a1Perm\u00edtenos ayudarte a hacer realidad tus ideas y alcanzar tus metas empresariales!<\/p>\t\t\t\t\t\t\t\t<\/div>\n\t\t\t\t<\/div>\n\t\t\t\t\t<\/div>\n\t\t<\/div>\n\t\t\t\t\t<\/div>\n\t\t<\/section>\n\t\t\t\t<section class=\"wd-negative-gap elementor-section elementor-top-section elementor-element elementor-element-4838c9fe elementor-section-content-middle wd-section-stretch elementor-section-boxed elementor-section-height-default elementor-section-height-default\" data-id=\"4838c9fe\" data-element_type=\"section\" data-e-type=\"section\">\n\t\t\t\t\t\t<div class=\"elementor-container elementor-column-gap-no\">\n\t\t\t\t\t<div class=\"elementor-column elementor-col-100 elementor-top-column elementor-element elementor-element-3e5516e4\" data-id=\"3e5516e4\" data-element_type=\"column\" data-e-type=\"column\">\n\t\t\t<div class=\"elementor-widget-wrap elementor-element-populated\">\n\t\t\t\t\t\t<div class=\"elementor-element elementor-element-31786994 elementor-widget elementor-widget-heading\" data-id=\"31786994\" data-element_type=\"widget\" data-e-type=\"widget\" data-widget_type=\"heading.default\">\n\t\t\t\t<div class=\"elementor-widget-container\">\n\t\t\t\t\t<h4 class=\"elementor-heading-title elementor-size-default\">Algunos de nuestros clientes<\/h4>\t\t\t\t<\/div>\n\t\t\t\t<\/div>\n\t\t\t\t<div class=\"elementor-element elementor-element-1347f5d color-scheme-inherit text-left elementor-widget elementor-widget-text-editor\" data-id=\"1347f5d\" data-element_type=\"widget\" data-e-type=\"widget\" data-widget_type=\"text-editor.default\">\n\t\t\t\t<div class=\"elementor-widget-container\">\n\t\t\t\t\t\t\t\t\t<p>En <strong>DEGOMA<\/strong>, valoramos y apreciamos la confianza que nuestros clientes depositan en nosotros. Estamos orgullosos de contar con la confianza de algunas de las empresas m\u00e1s destacadas y reconocidas en el sector. Aqu\u00ed te presentamos una selecci\u00f3n de nuestros clientes, quienes han confiado en nosotros para sus proyectos de suelos de caucho:<\/p>\t\t\t\t\t\t\t\t<\/div>\n\t\t\t\t<\/div>\n\t\t\t\t<div class=\"elementor-element elementor-element-527f1aba elementor-arrows-position-inside elementor-widget elementor-widget-image-carousel\" data-id=\"527f1aba\" data-element_type=\"widget\" data-e-type=\"widget\" data-settings=\"{&quot;slides_to_show&quot;:&quot;7&quot;,&quot;navigation&quot;:&quot;arrows&quot;,&quot;image_spacing_custom&quot;:{&quot;unit&quot;:&quot;px&quot;,&quot;size&quot;:74,&quot;sizes&quot;:[]},&quot;slides_to_scroll&quot;:&quot;5&quot;,&quot;autoplay_speed&quot;:6000,&quot;speed&quot;:450,&quot;autoplay&quot;:&quot;yes&quot;,&quot;pause_on_hover&quot;:&quot;yes&quot;,&quot;pause_on_interaction&quot;:&quot;yes&quot;,&quot;infinite&quot;:&quot;yes&quot;,&quot;image_spacing_custom_tablet&quot;:{&quot;unit&quot;:&quot;px&quot;,&quot;size&quot;:&quot;&quot;,&quot;sizes&quot;:[]},&quot;image_spacing_custom_mobile&quot;:{&quot;unit&quot;:&quot;px&quot;,&quot;size&quot;:&quot;&quot;,&quot;sizes&quot;:[]}}\" data-widget_type=\"image-carousel.default\">\n\t\t\t\t<div class=\"elementor-widget-container\">\n\t\t\t\t\t\t\t<div class=\"elementor-image-carousel-wrapper swiper\" role=\"region\" aria-roledescription=\"carousel\" aria-label=\"Carrusel de im\u00e1genes\" dir=\"ltr\">\n\t\t\t<div class=\"elementor-image-carousel swiper-wrapper\" aria-live=\"off\">\n\t\t\t\t\t\t\t\t<div class=\"swiper-slide\" role=\"group\" aria-roledescription=\"slide\" aria-label=\"1 de 22\"><figure class=\"swiper-slide-inner\"><img decoding=\"async\" class=\"swiper-slide-image\" src=\"https:\/\/degoma.es\/wp-content\/uploads\/2023\/06\/3-300x66.jpg\" alt=\"3\" \/><\/figure><\/div><div class=\"swiper-slide\" role=\"group\" aria-roledescription=\"slide\" aria-label=\"2 de 22\"><figure class=\"swiper-slide-inner\"><img decoding=\"async\" class=\"swiper-slide-image\" src=\"https:\/\/degoma.es\/wp-content\/uploads\/2023\/06\/1024px-Logo_Vector_San_Jose_constructora.svg-300x109.png\" alt=\"1024px-Logo_Vector_San_Jose\u0301_constructora.svg\" \/><\/figure><\/div><div class=\"swiper-slide\" role=\"group\" aria-roledescription=\"slide\" aria-label=\"3 de 22\"><figure class=\"swiper-slide-inner\"><img decoding=\"async\" class=\"swiper-slide-image\" src=\"https:\/\/degoma.es\/wp-content\/uploads\/2023\/06\/1200px-Correos_logo.svg-300x82.png\" alt=\"1200px-Correos_logo.svg\" \/><\/figure><\/div><div class=\"swiper-slide\" role=\"group\" aria-roledescription=\"slide\" aria-label=\"4 de 22\"><figure class=\"swiper-slide-inner\"><img decoding=\"async\" class=\"swiper-slide-image\" src=\"https:\/\/degoma.es\/wp-content\/uploads\/2023\/06\/1200px-LOGO-BALEARIA-300x50.png\" alt=\"1200px-LOGO-BALEARIA\" \/><\/figure><\/div><div class=\"swiper-slide\" role=\"group\" aria-roledescription=\"slide\" aria-label=\"5 de 22\"><figure class=\"swiper-slide-inner\"><img decoding=\"async\" class=\"swiper-slide-image\" src=\"https:\/\/degoma.es\/wp-content\/uploads\/2023\/06\/1200px-Telefonica_Logo.svg-300x82.png\" alt=\"1200px-Telefo\u0301nica_Logo.svg\" \/><\/figure><\/div><div class=\"swiper-slide\" role=\"group\" aria-roledescription=\"slide\" aria-label=\"6 de 22\"><figure class=\"swiper-slide-inner\"><img decoding=\"async\" class=\"swiper-slide-image\" src=\"https:\/\/degoma.es\/wp-content\/uploads\/2023\/06\/2560px-Bershka_logo.svg-300x66.png\" alt=\"2560px-Bershka_logo.svg\" \/><\/figure><\/div><div class=\"swiper-slide\" role=\"group\" aria-roledescription=\"slide\" aria-label=\"7 de 22\"><figure class=\"swiper-slide-inner\"><img decoding=\"async\" class=\"swiper-slide-image\" src=\"https:\/\/degoma.es\/wp-content\/uploads\/2023\/06\/2560px-Ferrovial_Logo.svg-300x66.png\" alt=\"2560px-Ferrovial_Logo.svg\" \/><\/figure><\/div><div class=\"swiper-slide\" role=\"group\" aria-roledescription=\"slide\" aria-label=\"8 de 22\"><figure class=\"swiper-slide-inner\"><img decoding=\"async\" class=\"swiper-slide-image\" src=\"https:\/\/degoma.es\/wp-content\/uploads\/2023\/06\/2560px-Hugo-Boss-Logo.svg-300x112.png\" alt=\"2560px-Hugo-Boss-Logo.svg\" \/><\/figure><\/div><div class=\"swiper-slide\" role=\"group\" aria-roledescription=\"slide\" aria-label=\"9 de 22\"><figure class=\"swiper-slide-inner\"><img decoding=\"async\" class=\"swiper-slide-image\" src=\"https:\/\/degoma.es\/wp-content\/uploads\/2023\/06\/2560px-Logotipo_del_Ministerio_de_Defensa.svg-300x98.png\" alt=\"2560px-Logotipo_del_Ministerio_de_Defensa.svg\" \/><\/figure><\/div><div class=\"swiper-slide\" role=\"group\" aria-roledescription=\"slide\" aria-label=\"10 de 22\"><figure class=\"swiper-slide-inner\"><img decoding=\"async\" class=\"swiper-slide-image\" src=\"https:\/\/degoma.es\/wp-content\/uploads\/2023\/06\/2560px-Sacyr_Logo.svg-300x75.png\" alt=\"2560px-Sacyr_Logo.svg\" \/><\/figure><\/div><div class=\"swiper-slide\" role=\"group\" aria-roledescription=\"slide\" aria-label=\"11 de 22\"><figure class=\"swiper-slide-inner\"><img decoding=\"async\" class=\"swiper-slide-image\" src=\"https:\/\/degoma.es\/wp-content\/uploads\/2023\/06\/2560px-Zara_Logo.svg-300x126.png\" alt=\"2560px-Zara_Logo.svg\" \/><\/figure><\/div><div class=\"swiper-slide\" role=\"group\" aria-roledescription=\"slide\" aria-label=\"12 de 22\"><figure class=\"swiper-slide-inner\"><img decoding=\"async\" class=\"swiper-slide-image\" src=\"https:\/\/degoma.es\/wp-content\/uploads\/2023\/06\/Acciona_logo.svg-300x135.png\" alt=\"Acciona_logo.svg\" \/><\/figure><\/div><div class=\"swiper-slide\" role=\"group\" aria-roledescription=\"slide\" aria-label=\"13 de 22\"><figure class=\"swiper-slide-inner\"><img decoding=\"async\" class=\"swiper-slide-image\" src=\"https:\/\/degoma.es\/wp-content\/uploads\/2023\/06\/Banco_Santander_Logotipo.svg-300x53.png\" alt=\"Banco_Santander_Logotipo.svg\" \/><\/figure><\/div><div class=\"swiper-slide\" role=\"group\" aria-roledescription=\"slide\" aria-label=\"14 de 22\"><figure class=\"swiper-slide-inner\"><img decoding=\"async\" class=\"swiper-slide-image\" src=\"https:\/\/degoma.es\/wp-content\/uploads\/2023\/06\/bbva-logo-4-300x93.png\" alt=\"bbva-logo-4\" \/><\/figure><\/div><div class=\"swiper-slide\" role=\"group\" aria-roledescription=\"slide\" aria-label=\"15 de 22\"><figure class=\"swiper-slide-inner\"><img decoding=\"async\" class=\"swiper-slide-image\" src=\"https:\/\/degoma.es\/wp-content\/uploads\/2023\/06\/Copia-de-Marca-PAVASAL-pantalla-300x123.png\" alt=\"Copia-de-Marca-PAVASAL-pantalla\" \/><\/figure><\/div><div class=\"swiper-slide\" role=\"group\" aria-roledescription=\"slide\" aria-label=\"16 de 22\"><figure class=\"swiper-slide-inner\"><img decoding=\"async\" class=\"swiper-slide-image\" src=\"https:\/\/degoma.es\/wp-content\/uploads\/2023\/06\/dragados-300x150.jpg\" alt=\"dragados\" \/><\/figure><\/div><div class=\"swiper-slide\" role=\"group\" aria-roledescription=\"slide\" aria-label=\"17 de 22\"><figure class=\"swiper-slide-inner\"><img decoding=\"async\" class=\"swiper-slide-image\" src=\"https:\/\/degoma.es\/wp-content\/uploads\/2023\/06\/estrella-levante-300x137.png\" alt=\"estrella-levante\" \/><\/figure><\/div><div class=\"swiper-slide\" role=\"group\" aria-roledescription=\"slide\" aria-label=\"18 de 22\"><figure class=\"swiper-slide-inner\"><img decoding=\"async\" class=\"swiper-slide-image\" src=\"https:\/\/degoma.es\/wp-content\/uploads\/2023\/06\/grupo-hefame-300x111.png\" alt=\"grupo-hefame\" \/><\/figure><\/div><div class=\"swiper-slide\" role=\"group\" aria-roledescription=\"slide\" aria-label=\"19 de 22\"><figure class=\"swiper-slide-inner\"><img decoding=\"async\" class=\"swiper-slide-image\" src=\"https:\/\/degoma.es\/wp-content\/uploads\/2023\/06\/logo_1-300x110.webp\" alt=\"logo_1\" \/><\/figure><\/div><div class=\"swiper-slide\" role=\"group\" aria-roledescription=\"slide\" aria-label=\"20 de 22\"><figure class=\"swiper-slide-inner\"><img decoding=\"async\" class=\"swiper-slide-image\" src=\"https:\/\/degoma.es\/wp-content\/uploads\/2023\/06\/LOGO-ELPOZO--300x200.jpg\" alt=\"LOGO-ELPOZO-\" \/><\/figure><\/div><div class=\"swiper-slide\" role=\"group\" aria-roledescription=\"slide\" aria-label=\"21 de 22\"><figure class=\"swiper-slide-inner\"><img decoding=\"async\" class=\"swiper-slide-image\" src=\"https:\/\/degoma.es\/wp-content\/uploads\/2023\/06\/Repsol_logo.svg-300x75.png\" alt=\"Repsol_logo.svg\" \/><\/figure><\/div><div class=\"swiper-slide\" role=\"group\" aria-roledescription=\"slide\" aria-label=\"22 de 22\"><figure class=\"swiper-slide-inner\"><img decoding=\"async\" class=\"swiper-slide-image\" src=\"https:\/\/degoma.es\/wp-content\/uploads\/2023\/06\/Terrapilar_Verde_50Negro_150ppp.png\" alt=\"\" \/><\/figure><\/div>\t\t\t<\/div>\n\t\t\t\t\t\t\t\t\t\t\t\t<div class=\"elementor-swiper-button elementor-swiper-button-prev\" role=\"button\" tabindex=\"0\">\n\t\t\t\t\t\t<i aria-hidden=\"true\" class=\"eicon-chevron-left\"><\/i>\t\t\t\t\t<\/div>\n\t\t\t\t\t<div class=\"elementor-swiper-button elementor-swiper-button-next\" role=\"button\" tabindex=\"0\">\n\t\t\t\t\t\t<i aria-hidden=\"true\" class=\"eicon-chevron-right\"><\/i>\t\t\t\t\t<\/div>\n\t\t\t\t\n\t\t\t\t\t\t\t\t\t<\/div>\n\t\t\t\t\t\t<\/div>\n\t\t\t\t<\/div>\n\t\t\t\t\t<\/div>\n\t\t<\/div>\n\t\t\t\t\t<\/div>\n\t\t<\/section>\n\t\t\t\t<\/div>\n\t\t","protected":false},"excerpt":{"rendered":"<p>Compromiso DEGOMA Degoma.es\u00a0 | Tu proveedor aliado en suelos de caucho en losetas&#8230; En Degoma.es, la confianza es el pilar<\/p>","protected":false},"author":3781,"featured_media":0,"parent":0,"menu_order":0,"comment_status":"closed","ping_status":"closed","template":"","meta":{"_acf_changed":false,"footnotes":""},"class_list":["post-153526","page","type-page","status-publish","hentry"],"acf":[],"yoast_head":"<!-- This site is optimized with the Yoast SEO Premium plugin v27.2 (Yoast SEO v27.2) - https:\/\/yoast.com\/product\/yoast-seo-premium-wordpress\/ -->\n<title>Empresa - DEGOMA<\/title>\n<meta name=\"description\" content=\"Degoma | Empresa Fabricante de Suelos de caucho para m\u00faltiples usos | Degoma\u00ae - Seguridad y diversi\u00f3n | Desde el 1978\" \/>\n<meta name=\"robots\" content=\"index, follow, max-snippet:-1, max-image-preview:large, max-video-preview:-1\" \/>\n<link rel=\"canonical\" href=\"https:\/\/degoma.es\/en\/company\/\" \/>\n<meta property=\"og:locale\" content=\"en_GB\" \/>\n<meta property=\"og:type\" content=\"article\" \/>\n<meta property=\"og:title\" content=\"Empresa\" \/>\n<meta property=\"og:description\" content=\"Degoma | Empresa Fabricante de Suelos de caucho para m\u00faltiples usos | Degoma\u00ae - Seguridad y diversi\u00f3n | Desde el 1978\" \/>\n<meta property=\"og:url\" content=\"https:\/\/degoma.es\/en\/company\/\" \/>\n<meta property=\"og:site_name\" content=\"DEGOMA\" \/>\n<meta property=\"article:modified_time\" content=\"2024-09-04T17:18:55+00:00\" \/>\n<meta property=\"og:image\" content=\"https:\/\/degoma.es\/wp-content\/uploads\/2023\/06\/degomawhite.svg\" \/>\n<meta name=\"twitter:card\" content=\"summary_large_image\" \/>\n<meta name=\"twitter:label1\" content=\"Estimated reading time\" \/>\n\t<meta name=\"twitter:data1\" content=\"8 minutes\" \/>\n<!-- \/ Yoast SEO Premium plugin. -->","yoast_head_json":{"title":"Empresa - DEGOMA","description":"Degoma | Empresa Fabricante de Suelos de caucho para m\u00faltiples usos | Degoma\u00ae - Seguridad y diversi\u00f3n | Desde el 1978","robots":{"index":"index","follow":"follow","max-snippet":"max-snippet:-1","max-image-preview":"max-image-preview:large","max-video-preview":"max-video-preview:-1"},"canonical":"https:\/\/degoma.es\/en\/company\/","og_locale":"en_GB","og_type":"article","og_title":"Empresa","og_description":"Degoma | Empresa Fabricante de Suelos de caucho para m\u00faltiples usos | Degoma\u00ae - Seguridad y diversi\u00f3n | Desde el 1978","og_url":"https:\/\/degoma.es\/en\/company\/","og_site_name":"DEGOMA","article_modified_time":"2024-09-04T17:18:55+00:00","og_image":[{"url":"https:\/\/degoma.es\/wp-content\/uploads\/2023\/06\/degomawhite.svg","type":"","width":"","height":""}],"twitter_card":"summary_large_image","twitter_misc":{"Estimated reading time":"8 minutes"},"schema":{"@context":"https:\/\/schema.org","@graph":[{"@type":"WebPage","@id":"https:\/\/degoma.es\/empresa\/","url":"https:\/\/degoma.es\/empresa\/","name":"Empresa - DEGOMA","isPartOf":{"@id":"https:\/\/degoma.es\/#website"},"primaryImageOfPage":{"@id":"https:\/\/degoma.es\/empresa\/#primaryimage"},"image":{"@id":"https:\/\/degoma.es\/empresa\/#primaryimage"},"thumbnailUrl":"https:\/\/degoma.es\/wp-content\/uploads\/2023\/06\/degomawhite.svg","datePublished":"2023-06-29T08:14:15+00:00","dateModified":"2024-09-04T17:18:55+00:00","description":"Degoma | Empresa Fabricante de Suelos de caucho para m\u00faltiples usos | Degoma\u00ae - Seguridad y diversi\u00f3n | Desde el 1978","breadcrumb":{"@id":"https:\/\/degoma.es\/empresa\/#breadcrumb"},"inLanguage":"en-GB","potentialAction":[{"@type":"ReadAction","target":["https:\/\/degoma.es\/empresa\/"]}]},{"@type":"ImageObject","inLanguage":"en-GB","@id":"https:\/\/degoma.es\/empresa\/#primaryimage","url":"https:\/\/degoma.es\/wp-content\/uploads\/2023\/06\/degomawhite.svg","contentUrl":"https:\/\/degoma.es\/wp-content\/uploads\/2023\/06\/degomawhite.svg"},{"@type":"BreadcrumbList","@id":"https:\/\/degoma.es\/empresa\/#breadcrumb","itemListElement":[{"@type":"ListItem","position":1,"name":"Inicio","item":"https:\/\/degoma.es\/"},{"@type":"ListItem","position":2,"name":"Empresa"}]},{"@type":"WebSite","@id":"https:\/\/degoma.es\/#website","url":"https:\/\/degoma.es\/","name":"DEGOMA","description":"Suelos de caucho de calidad para exterior","publisher":{"@id":"https:\/\/degoma.es\/#organization"},"potentialAction":[{"@type":"SearchAction","target":{"@type":"EntryPoint","urlTemplate":"https:\/\/degoma.es\/?s={search_term_string}"},"query-input":{"@type":"PropertyValueSpecification","valueRequired":true,"valueName":"search_term_string"}}],"inLanguage":"en-GB"},{"@type":"Organization","@id":"https:\/\/degoma.es\/#organization","name":"FCCartagena","url":"https:\/\/degoma.es\/","logo":{"@type":"ImageObject","inLanguage":"en-GB","@id":"https:\/\/degoma.es\/#\/schema\/logo\/image\/","url":"","contentUrl":"","caption":"FCCartagena"},"image":{"@id":"https:\/\/degoma.es\/#\/schema\/logo\/image\/"}}]}},"_links":{"self":[{"href":"https:\/\/degoma.es\/en\/wp-json\/wp\/v2\/pages\/153526","targetHints":{"allow":["GET"]}}],"collection":[{"href":"https:\/\/degoma.es\/en\/wp-json\/wp\/v2\/pages"}],"about":[{"href":"https:\/\/degoma.es\/en\/wp-json\/wp\/v2\/types\/page"}],"author":[{"embeddable":true,"href":"https:\/\/degoma.es\/en\/wp-json\/wp\/v2\/users\/3781"}],"replies":[{"embeddable":true,"href":"https:\/\/degoma.es\/en\/wp-json\/wp\/v2\/comments?post=153526"}],"version-history":[{"count":1,"href":"https:\/\/degoma.es\/en\/wp-json\/wp\/v2\/pages\/153526\/revisions"}],"predecessor-version":[{"id":155276,"href":"https:\/\/degoma.es\/en\/wp-json\/wp\/v2\/pages\/153526\/revisions\/155276"}],"wp:attachment":[{"href":"https:\/\/degoma.es\/en\/wp-json\/wp\/v2\/media?parent=153526"}],"curies":[{"name":"wp","href":"https:\/\/api.w.org\/{rel}","templated":true}]}}