{"id":154347,"date":"2024-03-16T09:48:27","date_gmt":"2024-03-16T08:48:27","guid":{"rendered":"https:\/\/degoma.es\/?page_id=154347"},"modified":"2024-09-05T11:07:55","modified_gmt":"2024-09-05T09:07:55","slug":"video-de-instalacion","status":"publish","type":"page","link":"https:\/\/degoma.es\/en\/video-de-instalacion\/","title":{"rendered":"Video de instalaci\u00f3n"},"content":{"rendered":"<div data-elementor-type=\"wp-page\" data-elementor-id=\"154347\" class=\"elementor elementor-154347\" data-elementor-post-type=\"page\">\n\t\t\t\t\t\t<section class=\"elementor-section elementor-top-section elementor-element elementor-element-df376a8 elementor-section-content-middle elementor-section-height-min-height wd-section-stretch elementor-reverse-tablet elementor-reverse-mobile elementor-section-boxed elementor-section-height-default elementor-section-items-middle\" data-id=\"df376a8\" data-element_type=\"section\" data-e-type=\"section\">\n\t\t\t\t\t\t<div class=\"elementor-container elementor-column-gap-default\">\n\t\t\t\t\t<div class=\"elementor-column elementor-col-100 elementor-top-column elementor-element elementor-element-1f4c11e\" data-id=\"1f4c11e\" data-element_type=\"column\" data-e-type=\"column\">\n\t\t\t<div class=\"elementor-widget-wrap elementor-element-populated\">\n\t\t\t\t\t\t<div class=\"elementor-element elementor-element-07bc6b1 wd-width-100 elementor-widget elementor-widget-wd_title\" data-id=\"07bc6b1\" data-element_type=\"widget\" data-e-type=\"widget\" data-widget_type=\"wd_title.default\">\n\t\t\t\t<div class=\"elementor-widget-container\">\n\t\t\t\t\t\t\t<div class=\"title-wrapper wd-set-mb reset-last-child wd-title-color-alt wd-title-style-simple wd-title-size-default text-left\">\n\n\t\t\t\t\t\t\t\t\t\t\t<div class=\"title-subtitle subtitle-color-alt subtitle-style-default wd-fontsize-xs\">\n\t\t\t\t\tVer nuestro video de montaje, f\u00e1cil y r\u00e1pida instalaci\u00f3n...\t\t\t\t<\/div>\n\t\t\t\n\t\t\t<div class=\"liner-continer\">\n\t\t\t\t<h2 class=\"woodmart-title-container title wd-fontsize-l\">Video de instalaci\u00f3n de Suelos de Caucho Degoma\u00ae<\/h2> \n\t\t\t\t\t\t\t<\/div>\n\n\t\t\t\t\t\t\t<div class=\"title-after_title reset-last-child wd-fontsize-xs\">\n\t\t\t\t\t<p>En Degoma\u00ae, te mostramos c\u00f3mo llevar a cabo la instalaci\u00f3n de suelos de caucho reciclado para parques infantiles de forma sencilla y efectiva. Nuestro gu\u00eda en video te mostrara de una forma r\u00e1pida y amena los Tips de la instalaci\u00f3n. Aprende a hacerlo por ti mism@ y crea un ambiente seguro y divertido para los m\u00e1s peque\u00f1os. Degoma\u00ae, seguridad y diversi\u00f3n.<\/p>\t\t\t\t<\/div>\n\t\t\t\t\t<\/div>\n\t\t\t\t\t\t<\/div>\n\t\t\t\t<\/div>\n\t\t\t\t<div class=\"elementor-element elementor-element-912a21a wd-video-theme-style elementor-widget elementor-widget-video\" data-id=\"912a21a\" data-element_type=\"widget\" data-e-type=\"widget\" data-settings=\"{&quot;show_image_overlay&quot;:&quot;yes&quot;,&quot;youtube_url&quot;:&quot;https:\\\/\\\/www.youtube.com\\\/watch?v=oZRGoim1twY&amp;t=37s&quot;,&quot;image_overlay&quot;:{&quot;url&quot;:&quot;https:\\\/\\\/degoma.es\\\/wp-content\\\/uploads\\\/2023\\\/06\\\/degoma-suelos-caucho-2.jpeg&quot;,&quot;id&quot;:153427,&quot;size&quot;:&quot;&quot;,&quot;alt&quot;:&quot;&quot;,&quot;source&quot;:&quot;library&quot;},&quot;video_type&quot;:&quot;youtube&quot;}\" data-widget_type=\"video.default\">\n\t\t\t\t<div class=\"elementor-widget-container\">\n\t\t\t\t\t\t\t<div class=\"elementor-wrapper elementor-open-inline\">\n\t\t\t<div class=\"elementor-video\"><\/div>\t\t\t\t<div class=\"elementor-custom-embed-image-overlay\" style=\"background-image: url(https:\/\/degoma.es\/wp-content\/uploads\/2023\/06\/degoma-suelos-caucho-2-768x513.jpeg);\">\n\t\t\t\t\t\t\t\t\t\t\t\t\t\t\t\t<div class=\"elementor-custom-embed-play\" role=\"button\" aria-label=\"Reproducir v\u00eddeo\" tabindex=\"0\">\n\t\t\t\t\t\t\t<i aria-hidden=\"true\" class=\"eicon-play\"><\/i>\t\t\t\t\t\t<\/div>\n\t\t\t\t\t\t\t\t\t<\/div>\n\t\t\t\t\t<\/div>\n\t\t\t\t\t\t<\/div>\n\t\t\t\t<\/div>\n\t\t\t\t\t<\/div>\n\t\t<\/div>\n\t\t\t\t\t<\/div>\n\t\t<\/section>\n\t\t\t\t<\/div>","protected":false},"excerpt":{"rendered":"<p>Ver nuestro video de montaje, f\u00e1cil y r\u00e1pida instalaci\u00f3n&#8230; Video de instalaci\u00f3n de Suelos de Caucho Degoma\u00ae En Degoma\u00ae, te<\/p>","protected":false},"author":3781,"featured_media":0,"parent":0,"menu_order":0,"comment_status":"closed","ping_status":"closed","template":"","meta":{"_acf_changed":false,"footnotes":""},"class_list":["post-154347","page","type-page","status-publish","hentry"],"acf":[],"yoast_head":"<!-- This site is optimized with the Yoast SEO Premium plugin v27.2 (Yoast SEO v27.2) - https:\/\/yoast.com\/product\/yoast-seo-premium-wordpress\/ -->\n<title>Video de instalaci\u00f3n - DEGOMA<\/title>\n<meta name=\"robots\" content=\"index, follow, max-snippet:-1, max-image-preview:large, max-video-preview:-1\" \/>\n<link rel=\"canonical\" href=\"https:\/\/degoma.es\/en\/video-de-instalacion\/\" \/>\n<meta property=\"og:locale\" content=\"en_GB\" \/>\n<meta property=\"og:type\" content=\"article\" \/>\n<meta property=\"og:title\" content=\"Video de instalaci\u00f3n\" \/>\n<meta property=\"og:description\" content=\"Ver nuestro video de montaje, f\u00e1cil y r\u00e1pida instalaci\u00f3n&#8230; Video de instalaci\u00f3n de Suelos de Caucho Degoma\u00ae En Degoma\u00ae, te\" \/>\n<meta property=\"og:url\" content=\"https:\/\/degoma.es\/en\/video-de-instalacion\/\" \/>\n<meta property=\"og:site_name\" content=\"DEGOMA\" \/>\n<meta property=\"article:modified_time\" content=\"2024-09-05T09:07:55+00:00\" \/>\n<meta name=\"twitter:card\" content=\"summary_large_image\" \/>\n<meta name=\"twitter:label1\" content=\"Estimated reading time\" \/>\n\t<meta name=\"twitter:data1\" content=\"1 minute\" \/>\n<!-- \/ Yoast SEO Premium plugin. -->","yoast_head_json":{"title":"Video de instalaci\u00f3n - DEGOMA","robots":{"index":"index","follow":"follow","max-snippet":"max-snippet:-1","max-image-preview":"max-image-preview:large","max-video-preview":"max-video-preview:-1"},"canonical":"https:\/\/degoma.es\/en\/video-de-instalacion\/","og_locale":"en_GB","og_type":"article","og_title":"Video de instalaci\u00f3n","og_description":"Ver nuestro video de montaje, f\u00e1cil y r\u00e1pida instalaci\u00f3n&#8230; Video de instalaci\u00f3n de Suelos de Caucho Degoma\u00ae En Degoma\u00ae, te","og_url":"https:\/\/degoma.es\/en\/video-de-instalacion\/","og_site_name":"DEGOMA","article_modified_time":"2024-09-05T09:07:55+00:00","twitter_card":"summary_large_image","twitter_misc":{"Estimated reading time":"1 minute"},"schema":{"@context":"https:\/\/schema.org","@graph":[{"@type":"WebPage","@id":"https:\/\/degoma.es\/video-de-instalacion\/","url":"https:\/\/degoma.es\/video-de-instalacion\/","name":"Video de instalaci\u00f3n - DEGOMA","isPartOf":{"@id":"https:\/\/degoma.es\/#website"},"datePublished":"2024-03-16T08:48:27+00:00","dateModified":"2024-09-05T09:07:55+00:00","breadcrumb":{"@id":"https:\/\/degoma.es\/video-de-instalacion\/#breadcrumb"},"inLanguage":"en-GB","potentialAction":[{"@type":"ReadAction","target":["https:\/\/degoma.es\/video-de-instalacion\/"]}]},{"@type":"BreadcrumbList","@id":"https:\/\/degoma.es\/video-de-instalacion\/#breadcrumb","itemListElement":[{"@type":"ListItem","position":1,"name":"Inicio","item":"https:\/\/degoma.es\/"},{"@type":"ListItem","position":2,"name":"Video de instalaci\u00f3n"}]},{"@type":"WebSite","@id":"https:\/\/degoma.es\/#website","url":"https:\/\/degoma.es\/","name":"DEGOMA","description":"Suelos de caucho de calidad para exterior","publisher":{"@id":"https:\/\/degoma.es\/#organization"},"potentialAction":[{"@type":"SearchAction","target":{"@type":"EntryPoint","urlTemplate":"https:\/\/degoma.es\/?s={search_term_string}"},"query-input":{"@type":"PropertyValueSpecification","valueRequired":true,"valueName":"search_term_string"}}],"inLanguage":"en-GB"},{"@type":"Organization","@id":"https:\/\/degoma.es\/#organization","name":"FCCartagena","url":"https:\/\/degoma.es\/","logo":{"@type":"ImageObject","inLanguage":"en-GB","@id":"https:\/\/degoma.es\/#\/schema\/logo\/image\/","url":"","contentUrl":"","caption":"FCCartagena"},"image":{"@id":"https:\/\/degoma.es\/#\/schema\/logo\/image\/"}}]}},"_links":{"self":[{"href":"https:\/\/degoma.es\/en\/wp-json\/wp\/v2\/pages\/154347","targetHints":{"allow":["GET"]}}],"collection":[{"href":"https:\/\/degoma.es\/en\/wp-json\/wp\/v2\/pages"}],"about":[{"href":"https:\/\/degoma.es\/en\/wp-json\/wp\/v2\/types\/page"}],"author":[{"embeddable":true,"href":"https:\/\/degoma.es\/en\/wp-json\/wp\/v2\/users\/3781"}],"replies":[{"embeddable":true,"href":"https:\/\/degoma.es\/en\/wp-json\/wp\/v2\/comments?post=154347"}],"version-history":[{"count":5,"href":"https:\/\/degoma.es\/en\/wp-json\/wp\/v2\/pages\/154347\/revisions"}],"predecessor-version":[{"id":155296,"href":"https:\/\/degoma.es\/en\/wp-json\/wp\/v2\/pages\/154347\/revisions\/155296"}],"wp:attachment":[{"href":"https:\/\/degoma.es\/en\/wp-json\/wp\/v2\/media?parent=154347"}],"curies":[{"name":"wp","href":"https:\/\/api.w.org\/{rel}","templated":true}]}}