{"id":3,"date":"2020-02-11T21:08:24","date_gmt":"2020-02-11T21:08:24","guid":{"rendered":"https:\/\/hiperclick.com\/?page_id=3"},"modified":"2023-06-28T12:54:23","modified_gmt":"2023-06-28T10:54:23","slug":"politica-de-privacidad","status":"publish","type":"page","link":"https:\/\/degoma.es\/en\/politica-de-privacidad\/","title":{"rendered":"Privacy Policy"},"content":{"rendered":"<div data-elementor-type=\"wp-page\" data-elementor-id=\"3\" class=\"elementor elementor-3\" data-elementor-post-type=\"page\">\n\t\t\t\t\t\t<section class=\"wd-negative-gap elementor-section elementor-top-section elementor-element elementor-element-7f5c1225 elementor-section-full_width elementor-section-height-default elementor-section-height-default\" data-id=\"7f5c1225\" data-element_type=\"section\" data-e-type=\"section\">\n\t\t\t\t\t\t<div class=\"elementor-container elementor-column-gap-default\">\n\t\t\t\t\t<div class=\"elementor-column elementor-col-100 elementor-top-column elementor-element elementor-element-1be5d169\" data-id=\"1be5d169\" data-element_type=\"column\" data-e-type=\"column\">\n\t\t\t<div class=\"elementor-widget-wrap elementor-element-populated\">\n\t\t\t\t\t\t<div class=\"elementor-element elementor-element-8834d20 elementor-widget elementor-widget-heading\" data-id=\"8834d20\" data-element_type=\"widget\" data-e-type=\"widget\" data-widget_type=\"heading.default\">\n\t\t\t\t<div class=\"elementor-widget-container\">\n\t\t\t\t\t<h2 class=\"elementor-heading-title elementor-size-default\">Privacy Policy<\/h2>\t\t\t\t<\/div>\n\t\t\t\t<\/div>\n\t\t\t\t<div class=\"elementor-element elementor-element-417a23ce color-scheme-inherit text-left elementor-widget elementor-widget-text-editor\" data-id=\"417a23ce\" data-element_type=\"widget\" data-e-type=\"widget\" data-widget_type=\"text-editor.default\">\n\t\t\t\t<div class=\"elementor-widget-container\">\n\t\t\t\t\t\t\t\t\t<p>Visiting this website does not imply that the user is obliged to provide any information. In the event that the user provides any personal information, the data collected on this website will be treated fairly and lawfully, subject at all times to the principles and rights contained in Regulation (EU) 2016\/679, of April 27, General Data Protection (RGPD) and other applicable regulations.<\/p>\n<p>In compliance with the provisions of article 13 of the GDPR, we inform you of the following:<\/p>\n<p>Visiting this website does not imply that the user is obliged to provide any information. In the event that the user provides any personal information, the data collected on this website will be treated fairly and lawfully, subject at all times to the principles and rights contained in Regulation (EU) 2016\/679, of April 27, General Data Protection (RGPD) and other applicable regulations.<\/p>\n<p>In compliance with the provisions of article 13 of the GDPR, we inform you of the following:<\/p>\n<p>Responsible<\/p>\n<p><span style=\"font-family: Roboto, Arial, Helvetica, sans-serif; font-size: 15px; font-style: normal; font-variant-ligatures: normal; font-variant-caps: normal; font-weight: 400;\">Textura decoraci\u00f3n, s.l. est\u00e1 domiciliada Ctra. N-301, km 431, 30319, Miranda, Cartagena (Murcia) Spain, Europe, con CIF B-30659213. Inscrita en el Registro Mercantil de Murcia, Tomo MU-33, Folio 167, Hoja MU-733, Inscripci\u00f3n 1\u00aa, la empresa cuenta con un capital social de 225.000 \u20ac.<\/span><\/p>\n<h3>What do we do with your data?<\/h3>\n<p>- Pulled apart\u00a0<b>&quot;New client&quot;<\/b><br \/>La principal finalidad de dicho tratamiento es la gesti\u00f3n de los usuarios registrados en nuestra web, as\u00ed como el env\u00edo de publicidad relativa a los productos y servicios comercializados por la EMPRESA o para el env\u00edo de publicidad, descuentos y promociones de productos y servicios de otras entidades.<br \/>La EMPRESA asegura la confidencialidad de los datos aportados y garantiza que, en ning\u00fan caso, ser\u00e1n cedidos para ning\u00fan otro uso sin mediar consentimiento previo y expreso de nuestros usuarios. S\u00f3lo le pediremos aquellos datos necesarios para la prestaci\u00f3n del servicio requerido y \u00fanicamente ser\u00e1n empleados para este fin.<\/p>\n<p>- Pulled apart\u00a0<b>&quot;Make a purchase&quot;<\/b><br \/>La principal finalidad de dicho tratamiento es mantener la relaci\u00f3n contractual con nuestros clientes, facilitar la tramitaci\u00f3n de los pedidos, la realizaci\u00f3n de estudios estad\u00edsticos, as\u00ed como el env\u00edo de publicidad relativa a los productos y servicios comercializados por la EMPRESA a o para el env\u00edo de publicidad, descuentos y promociones de productos y servicios de otras entidades.<\/p>\n<p>- Pulled apart\u00a0<b>&quot;Offers Newsletter&quot;<\/b><br \/>El e-mail facilitado ser\u00e1 objeto de tratamiento por parte de la EMPRESA con la finalidad de enviar el bolet\u00edn de ofertas. Este Bolet\u00edn tiene car\u00e1cter exclusivamente informativo.<\/p>\n<p>\u2013\u00a0<b>Marketing actions<\/b>.<br \/>La EMPRESA podr\u00e1 utilizar dichos datos para informar sobre futuras promociones, ofertas y otras acciones comerciales en los casos en los que Vd. sea ya cliente o si no lo es, cuando Vd. nos haya proporcionado su consentimiento en el correspondiente apartado.<\/p>\n<p>- Pulled apart\u00a0<b>&quot;Contact Form&quot;<\/b><br \/>Recogeremos datos con el fin de gestionar el centro de soporte de la EMPRESA y el contacto con el cliente v\u00eda ticket a fin de poder atender su petici\u00f3n.<\/p>\n<h3>Legal basis of the treatments<\/h3>\n<p>For the registration, purchase and management of the guarantees, we will base the processing of the data on the execution of the purchase contract or within the framework of the pre-contractual relationship.<\/p>\n<p>For the sending of commercial information we will base the treatment on your consent, although if you are already a customer we can send you information about similar products, always providing you with a simple and free means to unsubscribe.<\/p>\n<p>The consent given here by the Holder for the communication of data to third parties is revocable at any time, without retroactive effect.<\/p>\n<h3>Recipients<\/h3>\n<p>On the occasion of the purchase your data may be communicated to the following recipients:<\/p>\n<ul>\n<li>Bank entities for payment of purchases by card.<\/li>\n<li>To the Office of consumers and users in the event of any claim.<\/li>\n<li>To manufacturers, technical services and\/or wholesalers in the case of guarantees or repairs. To those transport companies that may be in charge of sending the corresponding orders to the clients. These recipients may be located within Spanish territory or outside it, depending on the product and\/or service purchased.<\/li>\n<li>In the legally established cases, as is the case of the Security Forces and Corps.<\/li>\n<li>To the public administrations to which we have to provide information in order to comply with our legal obligations.<\/li>\n<\/ul>\n<p>To send newsletters or newsletters, we may use the Mailchimp tool that belongs to the American company The Rocket Science Group, LLC. Therefore, we would be facing an international transfer of your data to only provide this service. You can find information about this company and its privacy policy here. In addition, this company adheres to the Privacy Shield protocol that allows international data transfers between the European Union and the United States.<\/p>\n<p>The use of Mailchimp is not a transfer of data, but the data will only be used by this platform solely and exclusively to send the newsletters and always with your consent.<\/p>\n<p>La EMPRESA asegura la confidencialidad de los datos aportados y garantiza que, en ning\u00fan caso, ser\u00e1n cedidos para ning\u00fan otro uso sin mediar consentimiento previo y expreso de nuestros clientes. S\u00f3lo le pediremos aquellos datos necesarios para la prestaci\u00f3n del servicio requerido y \u00fanicamente ser\u00e1n empleados para este fin.<\/p>\n<h3>Rights of the interested parties<\/h3>\n<p>The interested party has the following rights:<\/p>\n<ul>\n<li>You may request information about the stored personal data concerning you (access)<\/li>\n<li>You may request that inaccuracies in your personal data be corrected. (rectification)<\/li>\n<li>You may request the elimination or limitation of the processing of your personal data and (deletion and limitation)<\/li>\n<li>You may also request that your personal data be made available to you in a structured, current and machine-readable format. (portability)<\/li>\n<\/ul>\n<p>For this, you must write in writing, attaching a copy of your ID or document that identifies you, to the address\u00a0<span style=\"font-family: Roboto, Arial, Helvetica, sans-serif; font-size: 15px; font-style: normal; font-variant-ligatures: normal; font-variant-caps: normal; font-weight: 400;\">Ctra. N-301, km 431, 30319, Miranda, Cartagena (Murcia)\u00a0<\/span>,\u00a0 tambi\u00e9n a trav\u00e9s de nuestro formulario o al correo electr\u00f3nico info@degoma.es<\/p>\n<p>The interested party also has the right to file a claim with the data protection authorities (Spanish Agency for Data Protection). However, any question related to the data we invite you to contact us to solve it.<\/p>\n<h3>Data Protection Officer<\/h3>\n<p>Hemos designado un delegado de protecci\u00f3n de datos (DPO) para cualquier cuesti\u00f3n relacionada con sus datos personales. Puede contactar con \u00e9l a trav\u00e9s de la direcci\u00f3n info@degoma.es<\/p>\n<h3>Data quality<\/h3>\n<p>Users must guarantee the veracity, accuracy, authenticity and validity of the personal data that has been collected from them.<\/p>\n<h3>protection of minors<\/h3>\n<p>We do not collect personal data from minors. It is the responsibility of the father\/mother\/legal guardian to ensure the privacy of minors, doing everything possible to ensure that they have authorized the collection and use of the minor&#039;s personal data in their privacy.<\/p>\n<h3>Social networks<\/h3>\n<p>A trav\u00e9s de nuestra p\u00e1gina web puede acceder a las redes sociales Facebook, Twitter o Youtube de acceso abierto a todos los usuarios. Se trata de sitios web donde el usuario puede registrase y seguirnos gratuitamente. En estas redes sociales los usuarios podr\u00e1n conocer de nuestras actividades, opiniones, acceder a las fotos y v\u00eddeos. Los usuarios de estas redes sociales deben ser conscientes de que este lugar es independiente de la web www.degoma.es y est\u00e1 abierto, es decir, es visible para todos sus usuarios, y las pol\u00edticas de privacidad a aplicar a estos contenidos son las fijadas por Facebook, Twitter o Youtube. La EMPRESA no es titular de las redes sociales.<\/p>\n<p><\/p>\t\t\t\t\t\t\t\t<\/div>\n\t\t\t\t<\/div>\n\t\t\t\t\t<\/div>\n\t\t<\/div>\n\t\t\t\t\t<\/div>\n\t\t<\/section>\n\t\t\t\t<\/div>","protected":false},"excerpt":{"rendered":"<p>Pol\u00edtica de privacidad La visita a este sitio Web no implica que el usuario est\u00e9 obligado a facilitar ninguna informaci\u00f3n.<\/p>","protected":false},"author":3781,"featured_media":0,"parent":0,"menu_order":0,"comment_status":"closed","ping_status":"closed","template":"","meta":{"_acf_changed":false,"footnotes":""},"class_list":["post-3","page","type-page","status-publish","hentry"],"acf":[],"yoast_head":"<!-- This site is optimized with the Yoast SEO Premium plugin v27.2 (Yoast SEO v27.2) - https:\/\/yoast.com\/product\/yoast-seo-premium-wordpress\/ -->\n<title>Politica de Privacidad y datos de FC Cartagena<\/title>\n<meta name=\"description\" content=\"Politica de Privacidad y datos de FC Cartagena.\" \/>\n<meta name=\"robots\" content=\"index, follow, max-snippet:-1, max-image-preview:large, max-video-preview:-1\" \/>\n<link rel=\"canonical\" href=\"https:\/\/degoma.es\/en\/privacy-policy\/\" \/>\n<meta property=\"og:locale\" content=\"en_GB\" \/>\n<meta property=\"og:type\" content=\"article\" \/>\n<meta property=\"og:title\" content=\"Pol\u00edtica de privacidad\" \/>\n<meta property=\"og:description\" content=\"Politica de Privacidad y datos de FC Cartagena.\" \/>\n<meta property=\"og:url\" content=\"https:\/\/degoma.es\/en\/privacy-policy\/\" \/>\n<meta property=\"og:site_name\" content=\"DEGOMA\" \/>\n<meta property=\"article:modified_time\" content=\"2023-06-28T10:54:23+00:00\" \/>\n<meta name=\"twitter:card\" content=\"summary_large_image\" \/>\n<meta name=\"twitter:label1\" content=\"Estimated reading time\" \/>\n\t<meta name=\"twitter:data1\" content=\"6 minutes\" \/>\n<!-- \/ Yoast SEO Premium plugin. -->","yoast_head_json":{"title":"Privacy Policy and data of FC Cartagena","description":"Privacy Policy and data of FC Cartagena.","robots":{"index":"index","follow":"follow","max-snippet":"max-snippet:-1","max-image-preview":"max-image-preview:large","max-video-preview":"max-video-preview:-1"},"canonical":"https:\/\/degoma.es\/en\/privacy-policy\/","og_locale":"en_GB","og_type":"article","og_title":"Pol\u00edtica de privacidad","og_description":"Politica de Privacidad y datos de FC Cartagena.","og_url":"https:\/\/degoma.es\/en\/privacy-policy\/","og_site_name":"DEGOMA","article_modified_time":"2023-06-28T10:54:23+00:00","twitter_card":"summary_large_image","twitter_misc":{"Estimated reading time":"6 minutes"},"schema":{"@context":"https:\/\/schema.org","@graph":[{"@type":"WebPage","@id":"https:\/\/degoma.es\/politica-de-privacidad\/","url":"https:\/\/degoma.es\/politica-de-privacidad\/","name":"Privacy Policy and data of FC Cartagena","isPartOf":{"@id":"https:\/\/degoma.es\/#website"},"datePublished":"2020-02-11T21:08:24+00:00","dateModified":"2023-06-28T10:54:23+00:00","description":"Privacy Policy and data of FC Cartagena.","breadcrumb":{"@id":"https:\/\/degoma.es\/politica-de-privacidad\/#breadcrumb"},"inLanguage":"en-GB","potentialAction":[{"@type":"ReadAction","target":["https:\/\/degoma.es\/politica-de-privacidad\/"]}]},{"@type":"BreadcrumbList","@id":"https:\/\/degoma.es\/politica-de-privacidad\/#breadcrumb","itemListElement":[{"@type":"ListItem","position":1,"name":"Inicio","item":"https:\/\/degoma.es\/"},{"@type":"ListItem","position":2,"name":"Pol\u00edtica de privacidad"}]},{"@type":"WebSite","@id":"https:\/\/degoma.es\/#website","url":"https:\/\/degoma.es\/","name":"DEGOMA","description":"Suelos de caucho de calidad para exterior","publisher":{"@id":"https:\/\/degoma.es\/#organization"},"potentialAction":[{"@type":"SearchAction","target":{"@type":"EntryPoint","urlTemplate":"https:\/\/degoma.es\/?s={search_term_string}"},"query-input":{"@type":"PropertyValueSpecification","valueRequired":true,"valueName":"search_term_string"}}],"inLanguage":"en-GB"},{"@type":"Organization","@id":"https:\/\/degoma.es\/#organization","name":"FCCartagena","url":"https:\/\/degoma.es\/","logo":{"@type":"ImageObject","inLanguage":"en-GB","@id":"https:\/\/degoma.es\/#\/schema\/logo\/image\/","url":"","contentUrl":"","caption":"FCCartagena"},"image":{"@id":"https:\/\/degoma.es\/#\/schema\/logo\/image\/"}}]}},"_links":{"self":[{"href":"https:\/\/degoma.es\/en\/wp-json\/wp\/v2\/pages\/3","targetHints":{"allow":["GET"]}}],"collection":[{"href":"https:\/\/degoma.es\/en\/wp-json\/wp\/v2\/pages"}],"about":[{"href":"https:\/\/degoma.es\/en\/wp-json\/wp\/v2\/types\/page"}],"author":[{"embeddable":true,"href":"https:\/\/degoma.es\/en\/wp-json\/wp\/v2\/users\/3781"}],"replies":[{"embeddable":true,"href":"https:\/\/degoma.es\/en\/wp-json\/wp\/v2\/comments?post=3"}],"version-history":[{"count":0,"href":"https:\/\/degoma.es\/en\/wp-json\/wp\/v2\/pages\/3\/revisions"}],"wp:attachment":[{"href":"https:\/\/degoma.es\/en\/wp-json\/wp\/v2\/media?parent=3"}],"curies":[{"name":"wp","href":"https:\/\/api.w.org\/{rel}","templated":true}]}}