{"id":3592,"date":"2020-02-16T16:15:07","date_gmt":"2020-02-16T16:15:07","guid":{"rendered":"https:\/\/hiperclick.com\/?page_id=3592"},"modified":"2024-09-05T12:57:47","modified_gmt":"2024-09-05T10:57:47","slug":"aviso-legal","status":"publish","type":"page","link":"https:\/\/degoma.es\/en\/aviso-legal\/","title":{"rendered":"Legal warning"},"content":{"rendered":"<div data-elementor-type=\"wp-page\" data-elementor-id=\"3592\" class=\"elementor elementor-3592\" data-elementor-post-type=\"page\">\n\t\t\t\t\t\t<section class=\"wd-negative-gap elementor-section elementor-top-section elementor-element elementor-element-74feb625 elementor-section-full_width elementor-section-height-default elementor-section-height-default\" data-id=\"74feb625\" data-element_type=\"section\" data-e-type=\"section\">\n\t\t\t\t\t\t<div class=\"elementor-container elementor-column-gap-default\">\n\t\t\t\t\t<div class=\"elementor-column elementor-col-100 elementor-top-column elementor-element elementor-element-170ec44f\" data-id=\"170ec44f\" data-element_type=\"column\" data-e-type=\"column\">\n\t\t\t<div class=\"elementor-widget-wrap elementor-element-populated\">\n\t\t\t\t\t\t<div class=\"elementor-element elementor-element-12ce406 elementor-widget elementor-widget-heading\" data-id=\"12ce406\" data-element_type=\"widget\" data-e-type=\"widget\" data-widget_type=\"heading.default\">\n\t\t\t\t<div class=\"elementor-widget-container\">\n\t\t\t\t\t<h2 class=\"elementor-heading-title elementor-size-default\">Legal warning<\/h2>\t\t\t\t<\/div>\n\t\t\t\t<\/div>\n\t\t\t\t<div class=\"elementor-element elementor-element-56d3fbbe color-scheme-inherit text-left elementor-widget elementor-widget-text-editor\" data-id=\"56d3fbbe\" data-element_type=\"widget\" data-e-type=\"widget\" data-widget_type=\"text-editor.default\">\n\t\t\t\t<div class=\"elementor-widget-container\">\n\t\t\t\t\t\t\t\t\t<h3>DATOS GENERALES<\/h3><p>De acuerdo con el art\u00edculo 10 de la Ley 34\/2002, de 11 de julio, de Servicios de la Sociedad de la Informaci\u00f3n y de Comercio Electr\u00f3nico ponemos a su disposici\u00f3n los siguientes datos: Textura decoraci\u00f3n, s.l. est\u00e1 domiciliada Ctra. N-301, km 431, 30319, Miranda, Cartagena (Murcia) Spain, Europe, con CIF B-30659213. Inscrita en el Registro Mercantil de Murcia, Tomo MU-33, Folio 167, Hoja MU-733, Inscripci\u00f3n 1\u00aa, la empresa cuenta con un capital social de 225.000 \u20ac.<\/p><p>En la web, www.degoma.es hay una serie de contenidos de car\u00e1cter informativo sobre nuestra actividad, que es la distribuci\u00f3n y comercializaci\u00f3n de productos para la decoraci\u00f3n e interiorismo.<\/p><h3>POL\u00cdTICA DE PRIVACIDAD<\/h3><p>En cumplimiento de lo dispuesto en la Ley Org\u00e1nica 15\/1999, de 13 de Diciembre, de Protecci\u00f3n de Datos de Car\u00e1cter Personal (LOPD) se informa al usuario que todos los datos que nos proporcione ser\u00e1n incorporados a un fichero, creado y mantenido bajo la responsabilidad de Textura decoraci\u00f3n s.l.<br \/>Siempre se va a respetar la confidencialidad de sus datos personales que s\u00f3lo ser\u00e1n utilizados con la finalidad de gestionar los servicios ofrecidos, atender a las solicitudes que nos plantee, realizar tareas administrativas, as\u00ed como remitir informaci\u00f3n t\u00e9cnica, comercial o publicitaria por v\u00eda ordinaria o electr\u00f3nica.<br \/>Para ejercer sus derechos de oposici\u00f3n, rectificaci\u00f3n o cancelaci\u00f3n deber\u00e1 dirigirse a la sede de la empresa Textura decoraci\u00f3n, s.l., escribirnos al siguiente correo (info @ degoma.es ) o ll\u00e1manos al +34 902 022180.<\/p><h3>CONDICIONES DE USO<\/h3><p>Las condiciones de acceso y uso del presente sitio web se rigen por la legalidad vigente y por el principio de buena fe comprometi\u00e9ndose el usuario a realizar un buen uso de la web. No se permiten conductas que vayan contra la ley, los derechos o intereses de terceros.<br \/>Ser usuario de la web de www.degoma.es implica que reconoce haber le\u00eddo y aceptado las presentes condiciones y lo que las extienda la normativa legal aplicable en esta materia. Si por el motivo que fuere no est\u00e1 de acuerdo con estas condiciones no contin\u00fae usando esta web.<br \/>Cualquier tipo de notificaci\u00f3n y\/o reclamaci\u00f3n solamente ser\u00e1 v\u00e1lida por notificaci\u00f3n escrita y\/o correo certificado.<\/p><h3>RESPONSABILIDADES<\/h3><p>Textura decoraci\u00f3n, s.l. no se hace responsable de la informaci\u00f3n y contenidos almacenados en foros, redes sociales o cualesquier otro medio que permita a terceros publicar contenidos de forma independiente en la p\u00e1gina web del prestador.<br \/>Sin embargo, teniendo en cuenta los art. 11 y 16 de la LSSI-CE, Textura decoraci\u00f3n, s.l. se compromete a la retirada o en su caso bloqueo de aquellos contenidos que pudieran afectar o contravenir la legislaci\u00f3n nacional o internacional, derechos de terceros o la moral y el orden p\u00fablico.<br \/>Tampoco la empresa se responsabilizar\u00e1 de los da\u00f1os y perjuicios que se produzcan por fallos o malas configuraciones del software instalado en el ordenador del internauta. Se excluye toda responsabilidad por alguna incidencia t\u00e9cnica o fallo que se produzca cuando el usuario se conecte a internet. Igualmente no se garantiza la inexistencia de interrupciones o errores en el acceso al sitio web.<br \/>As\u00ed mismo, Textura decoraci\u00f3n, s.l. se reserva el derecho a actualizar, modificar o eliminar la informaci\u00f3n contenida en su p\u00e1gina web, as\u00ed como la configuraci\u00f3n o presentaci\u00f3n del mismo, en cualquier momento sin asumir alguna responsabilidad por ello.<br \/>Le comunicamos que cualquier precio que pueda ver en nuestra web ser\u00e1 solamente orientativo. Si el usuario desea saber con exactitud el precio o si el producto en el momento actual cuenta con alguna oferta de la cual se puede beneficiar ha de acudir a alguna de las tiendas f\u00edsicas con las que cuenta, o solicitar en cada caso una solicitud de presupuesto personalizado.<\/p><h3>PROPIEDAD INTELECTUAL E INDUSTRIAL<\/h3><p>Textura decoraci\u00f3n s.l. es titular de todos los derechos sobre el software de la publicaci\u00f3n digital as\u00ed como de los derechos de propiedad industrial e intelectual referidos a los contenidos que se incluyan, a excepci\u00f3n de los derechos sobre productos y servicios de car\u00e1cter p\u00fablico que no son propiedad de esta empresa. Ning\u00fan material publicado en esta web podr\u00e1 ser reproducido, copiado o publicado sin el consentimiento por escrito de Textura decoraci\u00f3n s.l.<br \/>Toda la informaci\u00f3n que se reciba en la web, como comentarios, sugerencias o ideas, se considerar\u00e1 cedida a Textura decoraci\u00f3n, s.l. de manera gratuita. No debe enviarse informaci\u00f3n que NO pueda ser tratada de este modo. Todos los productos y servicios de estas p\u00e1ginas que NO son propiedad de Textura decoraci\u00f3n s.l., son marcas registradas de sus respectivos propietarios y son reconocidas como tales por nuestra empresa. Solamente aparecen en la web de Textura decoraci\u00f3n, s.l. a efectos de promoci\u00f3n y de recopilaci\u00f3n de informaci\u00f3n. Estos propietarios pueden solicitar la modificaci\u00f3n o eliminaci\u00f3n de la informaci\u00f3n que les pertenece.<\/p><h3>LEY APLICABLE Y JURISDICCI\u00d3N<\/h3><p>Las presentes condiciones generales se rigen por la legislaci\u00f3n espa\u00f1ola.<br \/>Para cualquier litigio que pudiera surgir relacionado con el sitio web o la actividad que en \u00e9l se desarrolla ser\u00e1n competentes Juzgados de Cartagena (Murcia) Spain, renunciando expresamente el usuario a cualquier otro fuero que pudiera corresponderle.<\/p>\t\t\t\t\t\t\t\t<\/div>\n\t\t\t\t<\/div>\n\t\t\t\t\t<\/div>\n\t\t<\/div>\n\t\t\t\t\t<\/div>\n\t\t<\/section>\n\t\t\t\t<\/div>","protected":false},"excerpt":{"rendered":"<p>Aviso legal DATOS GENERALES De acuerdo con el art\u00edculo 10 de la Ley 34\/2002, de 11 de julio, de Servicios<\/p>","protected":false},"author":3781,"featured_media":0,"parent":0,"menu_order":0,"comment_status":"closed","ping_status":"closed","template":"","meta":{"_acf_changed":false,"footnotes":""},"class_list":["post-3592","page","type-page","status-publish","hentry"],"acf":[],"yoast_head":"<!-- This site is optimized with the Yoast SEO Premium plugin v27.2 (Yoast SEO v27.2) - https:\/\/yoast.com\/product\/yoast-seo-premium-wordpress\/ -->\n<title>P\u00e1gina de Aviso legal y normativa en la web Degoma\u00ae<\/title>\n<meta name=\"description\" content=\"P\u00e1gina de Aviso legal y normativa en la web Degoma\u00ae\" \/>\n<meta name=\"robots\" content=\"index, follow, max-snippet:-1, max-image-preview:large, max-video-preview:-1\" \/>\n<link rel=\"canonical\" href=\"https:\/\/degoma.es\/en\/legal-warning\/\" \/>\n<meta property=\"og:locale\" content=\"en_GB\" \/>\n<meta property=\"og:type\" content=\"article\" \/>\n<meta property=\"og:title\" content=\"Aviso legal\" \/>\n<meta property=\"og:description\" content=\"P\u00e1gina de Aviso legal y normativa en la web Degoma\u00ae\" \/>\n<meta property=\"og:url\" content=\"https:\/\/degoma.es\/en\/legal-warning\/\" \/>\n<meta property=\"og:site_name\" content=\"DEGOMA\" \/>\n<meta property=\"article:modified_time\" content=\"2024-09-05T10:57:47+00:00\" \/>\n<meta name=\"twitter:card\" content=\"summary_large_image\" \/>\n<meta name=\"twitter:label1\" content=\"Estimated reading time\" \/>\n\t<meta name=\"twitter:data1\" content=\"4 minutes\" \/>\n<!-- \/ Yoast SEO Premium plugin. -->","yoast_head_json":{"title":"P\u00e1gina de Aviso legal y normativa en la web Degoma\u00ae","description":"P\u00e1gina de Aviso legal y normativa en la web Degoma\u00ae","robots":{"index":"index","follow":"follow","max-snippet":"max-snippet:-1","max-image-preview":"max-image-preview:large","max-video-preview":"max-video-preview:-1"},"canonical":"https:\/\/degoma.es\/en\/legal-warning\/","og_locale":"en_GB","og_type":"article","og_title":"Aviso legal","og_description":"P\u00e1gina de Aviso legal y normativa en la web Degoma\u00ae","og_url":"https:\/\/degoma.es\/en\/legal-warning\/","og_site_name":"DEGOMA","article_modified_time":"2024-09-05T10:57:47+00:00","twitter_card":"summary_large_image","twitter_misc":{"Estimated reading time":"4 minutes"},"schema":{"@context":"https:\/\/schema.org","@graph":[{"@type":"WebPage","@id":"https:\/\/degoma.es\/aviso-legal\/","url":"https:\/\/degoma.es\/aviso-legal\/","name":"P\u00e1gina de Aviso legal y normativa en la web Degoma\u00ae","isPartOf":{"@id":"https:\/\/degoma.es\/#website"},"datePublished":"2020-02-16T16:15:07+00:00","dateModified":"2024-09-05T10:57:47+00:00","description":"P\u00e1gina de Aviso legal y normativa en la web Degoma\u00ae","breadcrumb":{"@id":"https:\/\/degoma.es\/aviso-legal\/#breadcrumb"},"inLanguage":"en-GB","potentialAction":[{"@type":"ReadAction","target":["https:\/\/degoma.es\/aviso-legal\/"]}]},{"@type":"BreadcrumbList","@id":"https:\/\/degoma.es\/aviso-legal\/#breadcrumb","itemListElement":[{"@type":"ListItem","position":1,"name":"Inicio","item":"https:\/\/degoma.es\/"},{"@type":"ListItem","position":2,"name":"Aviso legal"}]},{"@type":"WebSite","@id":"https:\/\/degoma.es\/#website","url":"https:\/\/degoma.es\/","name":"DEGOMA","description":"Suelos de caucho de calidad para exterior","publisher":{"@id":"https:\/\/degoma.es\/#organization"},"potentialAction":[{"@type":"SearchAction","target":{"@type":"EntryPoint","urlTemplate":"https:\/\/degoma.es\/?s={search_term_string}"},"query-input":{"@type":"PropertyValueSpecification","valueRequired":true,"valueName":"search_term_string"}}],"inLanguage":"en-GB"},{"@type":"Organization","@id":"https:\/\/degoma.es\/#organization","name":"FCCartagena","url":"https:\/\/degoma.es\/","logo":{"@type":"ImageObject","inLanguage":"en-GB","@id":"https:\/\/degoma.es\/#\/schema\/logo\/image\/","url":"","contentUrl":"","caption":"FCCartagena"},"image":{"@id":"https:\/\/degoma.es\/#\/schema\/logo\/image\/"}}]}},"_links":{"self":[{"href":"https:\/\/degoma.es\/en\/wp-json\/wp\/v2\/pages\/3592","targetHints":{"allow":["GET"]}}],"collection":[{"href":"https:\/\/degoma.es\/en\/wp-json\/wp\/v2\/pages"}],"about":[{"href":"https:\/\/degoma.es\/en\/wp-json\/wp\/v2\/types\/page"}],"author":[{"embeddable":true,"href":"https:\/\/degoma.es\/en\/wp-json\/wp\/v2\/users\/3781"}],"replies":[{"embeddable":true,"href":"https:\/\/degoma.es\/en\/wp-json\/wp\/v2\/comments?post=3592"}],"version-history":[{"count":1,"href":"https:\/\/degoma.es\/en\/wp-json\/wp\/v2\/pages\/3592\/revisions"}],"predecessor-version":[{"id":155298,"href":"https:\/\/degoma.es\/en\/wp-json\/wp\/v2\/pages\/3592\/revisions\/155298"}],"wp:attachment":[{"href":"https:\/\/degoma.es\/en\/wp-json\/wp\/v2\/media?parent=3592"}],"curies":[{"name":"wp","href":"https:\/\/api.w.org\/{rel}","templated":true}]}}