{"id":651,"date":"2017-06-27T06:20:05","date_gmt":"2017-06-27T06:20:05","guid":{"rendered":"http:\/\/dummy.xtemos.com\/woodmart\/demos\/?page_id=651"},"modified":"2024-10-23T12:10:50","modified_gmt":"2024-10-23T10:10:50","slug":"contact","status":"publish","type":"page","link":"https:\/\/degoma.es\/en\/contacto\/","title":{"rendered":"Contact"},"content":{"rendered":"\t\t<div data-elementor-type=\"wp-page\" data-elementor-id=\"651\" class=\"elementor elementor-651\" data-elementor-post-type=\"page\">\n\t\t\t\t\t\t<section class=\"wd-negative-gap elementor-section elementor-top-section elementor-element elementor-element-1f9c828 elementor-section-content-top elementor-section-height-min-height wd-section-stretch elementor-section-boxed elementor-section-height-default elementor-section-items-middle\" data-id=\"1f9c828\" data-element_type=\"section\" data-e-type=\"section\" data-settings=\"{&quot;background_background&quot;:&quot;classic&quot;,&quot;background_motion_fx_motion_fx_scrolling&quot;:&quot;yes&quot;,&quot;background_motion_fx_translateY_effect&quot;:&quot;yes&quot;,&quot;background_motion_fx_translateY_speed&quot;:{&quot;unit&quot;:&quot;px&quot;,&quot;size&quot;:4,&quot;sizes&quot;:[]},&quot;background_motion_fx_translateY_affectedRange&quot;:{&quot;unit&quot;:&quot;%&quot;,&quot;size&quot;:&quot;&quot;,&quot;sizes&quot;:{&quot;start&quot;:0,&quot;end&quot;:100}},&quot;background_motion_fx_devices&quot;:[&quot;desktop&quot;,&quot;tablet&quot;,&quot;mobile&quot;]}\">\n\t\t\t\t\t\t<div class=\"elementor-container elementor-column-gap-default\">\n\t\t\t\t\t<div class=\"elementor-column elementor-col-100 elementor-top-column elementor-element elementor-element-15b2099e\" data-id=\"15b2099e\" data-element_type=\"column\" data-e-type=\"column\" data-settings=\"{&quot;background_background&quot;:&quot;classic&quot;}\">\n\t\t\t<div class=\"elementor-widget-wrap elementor-element-populated\">\n\t\t\t\t\t\t<div class=\"elementor-element elementor-element-9468a4f wd-width-100 elementor-widget elementor-widget-wd_title\" data-id=\"9468a4f\" data-element_type=\"widget\" data-e-type=\"widget\" data-widget_type=\"wd_title.default\">\n\t\t\t\t<div class=\"elementor-widget-container\">\n\t\t\t\t\t\t\t<div class=\"title-wrapper wd-set-mb reset-last-child wd-title-color-alt wd-title-style-underlined wd-title-size-default text-center\">\n\n\t\t\t\n\t\t\t<div class=\"liner-continer\">\n\t\t\t\t<h2 class=\"woodmart-title-container title wd-fontsize-l\">\u00bfEN QU\u00c9 PODEMOS AYUDARTE?<\/h2> \n\t\t\t\t\t\t\t<\/div>\n\n\t\t\t\t\t<\/div>\n\t\t\t\t\t\t<\/div>\n\t\t\t\t<\/div>\n\t\t\t\t<section class=\"elementor-section elementor-inner-section elementor-element elementor-element-546245c6 elementor-section-content-top elementor-section-boxed elementor-section-height-default elementor-section-height-default\" data-id=\"546245c6\" data-element_type=\"section\" data-e-type=\"section\">\n\t\t\t\t\t\t<div class=\"elementor-container elementor-column-gap-extended\">\n\t\t\t\t\t<div class=\"elementor-column elementor-col-50 elementor-inner-column elementor-element elementor-element-ef9e492\" data-id=\"ef9e492\" data-element_type=\"column\" data-e-type=\"column\">\n\t\t\t<div class=\"elementor-widget-wrap elementor-element-populated\">\n\t\t\t\t\t\t<div class=\"elementor-element elementor-element-62148246 color-scheme-inherit text-left elementor-widget elementor-widget-text-editor\" data-id=\"62148246\" data-element_type=\"widget\" data-e-type=\"widget\" data-widget_type=\"text-editor.default\">\n\t\t\t\t<div class=\"elementor-widget-container\">\n\t\t\t\t\t\t\t\t\t<p><span style=\"font-size: 15px; color: var(--wd-text-color);\">Degoma\u00ae Tu empresa de confianza, fabricante de suelos de caucho SBR para zonas de juego y parques infantiles en exteriores, suelos para gimnasios y entornos deportivos. Realizamos entregas en Espa\u00f1a peninsular, Islas Baleares, Islas Canarias y Ciudades aut\u00f3nomas.<\/span><\/p><p><span style=\"font-family: Roboto, Arial, Helvetica, sans-serif; font-size: 15px; font-style: normal; font-variant-ligatures: normal; font-variant-caps: normal; font-weight: 300; color: var(--wd-text-color);\"><strong>Degoma\u00ae by Textura.<\/strong><br \/><\/span>Ctra. N-301 km 431, 30319, Miranda, Cartagena.<br \/>Regi\u00f3n de Murcia, Spain.<\/p><p><strong>T. <a href=\"tel:618265712\">618 265 712<\/a><\/strong><br \/><strong>T. <a href=\"tel:618265667\">618 265 667<\/a>\u00a0<\/strong><br \/><strong><a href=\"mailto:info@degoma.es\">info@degoma.es<\/a><\/strong><\/p><p><span style=\"font-family: Roboto, Arial, Helvetica, sans-serif; font-size: 15px; font-style: normal; font-variant-ligatures: normal; font-variant-caps: normal; font-weight: 300;\">Degoma\u00ae es una marca registrada de Textura decoraci\u00f3n s.l.\u00a0<\/span><\/p>\t\t\t\t\t\t\t\t<\/div>\n\t\t\t\t<\/div>\n\t\t\t\t<div class=\"elementor-element elementor-element-52b153b4 elementor-widget elementor-widget-icon-box\" data-id=\"52b153b4\" data-element_type=\"widget\" data-e-type=\"widget\" data-widget_type=\"icon-box.default\">\n\t\t\t\t<div class=\"elementor-widget-container\">\n\t\t\t\t\t\t\t<div class=\"elementor-icon-box-wrapper\">\n\n\t\t\t\n\t\t\t\t\t\t<div class=\"elementor-icon-box-content\">\n\n\t\t\t\t\t\t\t\t\t<h3 class=\"elementor-icon-box-title\">\n\t\t\t\t\t\t<span  >\n\t\t\t\t\t\t\tEnlaces de inter\u00e9s\t\t\t\t\t\t<\/span>\n\t\t\t\t\t<\/h3>\n\t\t\t\t\n\t\t\t\t\n\t\t\t<\/div>\n\t\t\t\n\t\t<\/div>\n\t\t\t\t\t\t<\/div>\n\t\t\t\t<\/div>\n\t\t\t\t<div class=\"elementor-element elementor-element-20b3ba2a elementor-align-start elementor-icon-list--layout-traditional elementor-list-item-link-full_width elementor-widget elementor-widget-icon-list\" data-id=\"20b3ba2a\" data-element_type=\"widget\" data-e-type=\"widget\" data-widget_type=\"icon-list.default\">\n\t\t\t\t<div class=\"elementor-widget-container\">\n\t\t\t\t\t\t\t<ul class=\"elementor-icon-list-items\">\n\t\t\t\t\t\t\t<li class=\"elementor-icon-list-item\">\n\t\t\t\t\t\t\t\t\t\t\t<a href=\"https:\/\/degoma.es\/condiciones-generales\/\">\n\n\t\t\t\t\t\t\t\t\t\t\t\t<span class=\"elementor-icon-list-icon\">\n\t\t\t\t\t\t\t<i aria-hidden=\"true\" class=\"fas fa-caret-right\"><\/i>\t\t\t\t\t\t<\/span>\n\t\t\t\t\t\t\t\t\t\t<span class=\"elementor-icon-list-text\">Condiciones de contrataci\u00f3n<\/span>\n\t\t\t\t\t\t\t\t\t\t\t<\/a>\n\t\t\t\t\t\t\t\t\t<\/li>\n\t\t\t\t\t\t\t\t<li class=\"elementor-icon-list-item\">\n\t\t\t\t\t\t\t\t\t\t\t<a href=\"https:\/\/degoma.es\/contacto\/\">\n\n\t\t\t\t\t\t\t\t\t\t\t\t<span class=\"elementor-icon-list-icon\">\n\t\t\t\t\t\t\t<i aria-hidden=\"true\" class=\"fas fa-caret-right\"><\/i>\t\t\t\t\t\t<\/span>\n\t\t\t\t\t\t\t\t\t\t<span class=\"elementor-icon-list-text\">Contacto<\/span>\n\t\t\t\t\t\t\t\t\t\t\t<\/a>\n\t\t\t\t\t\t\t\t\t<\/li>\n\t\t\t\t\t\t\t\t<li class=\"elementor-icon-list-item\">\n\t\t\t\t\t\t\t\t\t\t\t<a href=\"https:\/\/degoma.es\/blog\/\">\n\n\t\t\t\t\t\t\t\t\t\t\t\t<span class=\"elementor-icon-list-icon\">\n\t\t\t\t\t\t\t<i aria-hidden=\"true\" class=\"fas fa-caret-right\"><\/i>\t\t\t\t\t\t<\/span>\n\t\t\t\t\t\t\t\t\t\t<span class=\"elementor-icon-list-text\">Blog<\/span>\n\t\t\t\t\t\t\t\t\t\t\t<\/a>\n\t\t\t\t\t\t\t\t\t<\/li>\n\t\t\t\t\t\t<\/ul>\n\t\t\t\t\t\t<\/div>\n\t\t\t\t<\/div>\n\t\t\t\t<div class=\"elementor-element elementor-element-34d7d47 elementor-widget elementor-widget-heading\" data-id=\"34d7d47\" data-element_type=\"widget\" data-e-type=\"widget\" data-widget_type=\"heading.default\">\n\t\t\t\t<div class=\"elementor-widget-container\">\n\t\t\t\t\t<h1 class=\"elementor-heading-title elementor-size-default\">ATENCI\u00d3N AL CLIENTE<\/h1>\t\t\t\t<\/div>\n\t\t\t\t<\/div>\n\t\t\t\t<div class=\"elementor-element elementor-element-15f0fc5 elementor-widget elementor-widget-heading\" data-id=\"15f0fc5\" data-element_type=\"widget\" data-e-type=\"widget\" data-widget_type=\"heading.default\">\n\t\t\t\t<div class=\"elementor-widget-container\">\n\t\t\t\t\t<h2 class=\"elementor-heading-title elementor-size-default\">Pedidos y Consultas<\/h2>\t\t\t\t<\/div>\n\t\t\t\t<\/div>\n\t\t\t\t<div class=\"elementor-element elementor-element-137005b elementor-widget__width-initial color-scheme-inherit text-left elementor-widget elementor-widget-text-editor\" data-id=\"137005b\" data-element_type=\"widget\" data-e-type=\"widget\" data-widget_type=\"text-editor.default\">\n\t\t\t\t<div class=\"elementor-widget-container\">\n\t\t\t\t\t\t\t\t\t<p><strong>Lunes a Viernes<\/strong><br \/>9:00 a 14:00 y 16:00 a 19:00 H<\/p>\t\t\t\t\t\t\t\t<\/div>\n\t\t\t\t<\/div>\n\t\t\t\t<div class=\"elementor-element elementor-element-952551b elementor-widget elementor-widget-heading\" data-id=\"952551b\" data-element_type=\"widget\" data-e-type=\"widget\" data-widget_type=\"heading.default\">\n\t\t\t\t<div class=\"elementor-widget-container\">\n\t\t\t\t\t<h1 class=\"elementor-heading-title elementor-size-default\">REDES SOCIALES<\/h1>\t\t\t\t<\/div>\n\t\t\t\t<\/div>\n\t\t\t\t<div class=\"elementor-element elementor-element-5fbde1d elementor-widget elementor-widget-wd_social_buttons\" data-id=\"5fbde1d\" data-element_type=\"widget\" data-e-type=\"widget\" data-widget_type=\"wd_social_buttons.default\">\n\t\t\t\t<div class=\"elementor-widget-container\">\n\t\t\t\t\t\t\t\t<div\n\t\t\t\t\t\tclass=\" wd-social-icons wd-style-bordered wd-size-default social-follow wd-shape-circle color-scheme-dark text-left\">\n\t\t\t\t\n\t\t\t\t\n\t\t\t\t\t\t\t\t\t<a rel=\"noopener noreferrer nofollow\" href=\"https:\/\/www.facebook.com\/Degoma.es\/\" target=\"_blank\" class=\" wd-social-icon social-facebook\" aria-label=\"Facebook social link\">\n\t\t\t\t\t\t<span class=\"wd-icon\"><\/span>\n\t\t\t\t\t\t\t\t\t\t\t<\/a>\n\t\t\t\t\n\t\t\t\t\n\t\t\t\t\n\t\t\t\t\n\t\t\t\t\t\t\t\t\t<a rel=\"noopener noreferrer nofollow\" href=\"https:\/\/www.instagram.com\/degoma.es\/\" target=\"_blank\" class=\" wd-social-icon social-instagram\" aria-label=\"Instagram social link\">\n\t\t\t\t\t\t<span class=\"wd-icon\"><\/span>\n\t\t\t\t\t\t\t\t\t\t\t<\/a>\n\t\t\t\t\n\t\t\t\t\n\t\t\t\t\t\t\t\t\t<a rel=\"noopener noreferrer nofollow\" href=\"https:\/\/www.youtube.com\/@Degoma-spain\" target=\"_blank\" class=\" wd-social-icon social-youtube\" aria-label=\"YouTube social link\">\n\t\t\t\t\t\t<span class=\"wd-icon\"><\/span>\n\t\t\t\t\t\t\t\t\t\t\t<\/a>\n\t\t\t\t\n\t\t\t\t\n\t\t\t\t\n\t\t\t\t\n\t\t\t\t\n\t\t\t\t\n\t\t\t\t\n\t\t\t\t\n\t\t\t\t\n\t\t\t\t\n\t\t\t\t\n\t\t\t\t\n\t\t\t\t\n\t\t\t\t\n\t\t\t\t\n\t\t\t\t\n\t\t\t\t\n\t\t\t\t\n\t\t\t\t\n\t\t\t\t\n\t\t\t<\/div>\n\n\t\t\t\t\t\t<\/div>\n\t\t\t\t<\/div>\n\t\t\t\t\t<\/div>\n\t\t<\/div>\n\t\t\t\t<div class=\"elementor-column elementor-col-50 elementor-inner-column elementor-element elementor-element-5fa90af0\" data-id=\"5fa90af0\" data-element_type=\"column\" data-e-type=\"column\" data-settings=\"{&quot;background_background&quot;:&quot;classic&quot;}\">\n\t\t\t<div class=\"elementor-widget-wrap elementor-element-populated\">\n\t\t\t\t\t\t<div class=\"elementor-element elementor-element-56a259df elementor-widget elementor-widget-icon-box\" data-id=\"56a259df\" data-element_type=\"widget\" data-e-type=\"widget\" data-widget_type=\"icon-box.default\">\n\t\t\t\t<div class=\"elementor-widget-container\">\n\t\t\t\t\t\t\t<div class=\"elementor-icon-box-wrapper\">\n\n\t\t\t\n\t\t\t\t\t\t<div class=\"elementor-icon-box-content\">\n\n\t\t\t\t\t\t\t\t\t<h3 class=\"elementor-icon-box-title\">\n\t\t\t\t\t\t<span  >\n\t\t\t\t\t\t\tFormulario de contacto\t\t\t\t\t\t<\/span>\n\t\t\t\t\t<\/h3>\n\t\t\t\t\n\t\t\t\t\n\t\t\t<\/div>\n\t\t\t\n\t\t<\/div>\n\t\t\t\t\t\t<\/div>\n\t\t\t\t<\/div>\n\t\t\t\t<div class=\"elementor-element elementor-element-e77a438 fluent-form-widget-step-header-yes fluent-form-widget-step-progressbar-yes fluentform-widget-submit-button-custom elementor-widget elementor-widget-fluent-form-widget\" data-id=\"e77a438\" data-element_type=\"widget\" data-e-type=\"widget\" data-widget_type=\"fluent-form-widget.default\">\n\t\t\t\t<div class=\"elementor-widget-container\">\n\t\t\t\t\t\n            <div class=\"fluentform-widget-wrapper fluentform-widget-align-default\">\n\n            \n            <div class='fluentform ff-default fluentform_wrapper_1 ffs_default_wrap'><form data-form_id=\"1\" id=\"fluentform_1\" class=\"frm-fluent-form fluent_form_1 ff-el-form-top ff_form_instance_1_1 ff-form-loading ffs_default\" data-form_instance=\"ff_form_instance_1_1\" method=\"POST\" ><fieldset  style=\"border: none!important;margin: 0!important;padding: 0!important;background-color: transparent!important;box-shadow: none!important;outline: none!important; min-inline-size: 100%;\">\n                    <legend class=\"ff_screen_reader_title\" style=\"display: block; margin: 0!important;padding: 0!important;height: 0!important;text-indent: -999999px;width: 0!important;overflow:hidden;\">Formulario contacto<\/legend><input type='hidden' name='__fluent_form_embded_post_id' value='651' \/><input type=\"hidden\" id=\"_fluentform_1_fluentformnonce\" name=\"_fluentform_1_fluentformnonce\" value=\"b6ec5ea36a\" \/><input type=\"hidden\" name=\"_wp_http_referer\" value=\"\/en\/wp-json\/wp\/v2\/pages\/651\" \/><div class='ff-el-group  ff-custom_html' tabindex='-1' data-name=\"custom_html-1_1\" ><p>Para dudas sobre productos, pedidos, o cualquier otra cuesti\u00f3n o sugerencia, utiliza el siguiente formulario. Para poder enviar un archivo desde este formulario debe de estar registrado o identificado.<\/p><\/div><div data-type=\"name-element\" data-name=\"nombre\" class=\" ff-field_container ff-name-field-wrapper\" ><div class='ff-t-container'><div class='ff-t-cell '><div class='ff-el-group  ff-el-form-hide_label'><div class='ff-el-input--content'><input type=\"text\" name=\"nombre[first_name]\" id=\"ff_1_nombre_first_name_\" class=\"ff-el-form-control\" placeholder=\"Nombre\" aria-invalid=\"false\" aria-required=true><\/div><\/div><\/div><\/div><\/div><div class='ff-el-group ff-el-form-hide_label'><div class=\"ff-el-input--label ff-el-is-required asterisk-right\"><label for='ff_1_email' id='label_ff_1_email' aria-label=\"Email\">Email<\/label><\/div><div class='ff-el-input--content'><input type=\"email\" name=\"email\" id=\"ff_1_email\" class=\"ff-el-form-control\" placeholder=\"Email\" data-name=\"email\"  aria-invalid=\"false\" aria-required=true><\/div><\/div><div data-name=\"ff_cn_id_1\"  class='ff-t-container ff-column-container ff_columns_total_2 '><div class='ff-t-cell ff-t-column-1' style='flex-basis: 49.88%;'><div class='ff-el-group ff-el-form-hide_label'><div class=\"ff-el-input--label ff-el-is-required asterisk-right\"><label for='ff_1_phone' id='label_ff_1_phone' aria-label=\"Tel\u00e9fono\">Tel\u00e9fono<\/label><\/div><div class='ff-el-input--content'><input name=\"phone\" class=\"ff-el-form-control ff-el-phone\" type=\"tel\" placeholder=\"Tel\u00e9fono\" data-name=\"phone\" id=\"ff_1_phone\" inputmode=\"tel\"  aria-invalid='false' aria-required=true><\/div><\/div><\/div><div class='ff-t-cell ff-t-column-2' style='flex-basis: 50.12%;'><div class='ff-el-group ff-el-form-hide_label'><div class=\"ff-el-input--label ff-el-is-required asterisk-right\"><label for='ff_1_department' id='label_ff_1_department' aria-label=\"Departamento\">Departamento<\/label><\/div><div class='ff-el-input--content'><select name=\"department\" id=\"ff_1_department\" class=\"ff-el-form-control\" data-name=\"department\" data-calc_value=\"0\"  aria-invalid=\"false\" aria-required=\"true\" aria-labelledby=\"label_ff_1_department\"><option value=\"\">- Departamento -<\/option><option value=\"Administraci\u00f3n\"  >Administraci\u00f3n<\/option><option value=\"Atenci\u00f3n al cliente\"  >Atenci\u00f3n al cliente<\/option><option value=\"Publicidad\"  >Publicidad<\/option><option value=\"Otros\"  >Otros<\/option><\/select><\/div><\/div><\/div><\/div><div class='ff-el-group ff-el-form-hide_label'><div class=\"ff-el-input--label ff-el-is-required asterisk-right\"><label for='ff_1_mensaje' id='label_ff_1_mensaje' aria-label=\"Mensaje\">Mensaje<\/label><\/div><div class='ff-el-input--content'><textarea aria-required=\"true\" aria-labelledby=\"label_ff_1_mensaje\" name=\"mensaje\" id=\"ff_1_mensaje\" class=\"ff-el-form-control\" placeholder=\"Mensaje\" rows=\"4\" cols=\"2\" data-name=\"mensaje\" ><\/textarea><\/div><\/div><div class='ff-el-group  ff-custom_html titular' tabindex='-1' data-name=\"custom_html-1_2\" ><p>Trataremos los datos que nos facilites con la finalidad de enviarte informaci\u00f3n relacionada con tu solicitud sobre nuestros productos y servicios. Podr\u00e1s ejercer los derechos de acceso, rectificaci\u00f3n, limitaci\u00f3n, oposici\u00f3n, portabilidad, o retirar el consentimiento enviando un email a info@degoma.es . Tambi\u00e9n puedes solicitar la tutela de derechos ante la Autoridad de Control (AEPD). Puedes consultar informaci\u00f3n adicional y detallada sobre protecci\u00f3n de datos en nuestra Pol\u00edtica de Privacidad.<\/p><\/div><div class='ff-el-group    ff-el-input--content'><div class='ff-el-form-check ff-el-tc'><label aria-label='Terms and Conditions: He leido y aceptado\u00a0la Pol\u00edtica de privacidad Contains 1 link. Use tab navigation to review.' class='ff-el-form-check-label ff_tc_label' for=terms-n-condition_d9419fa8e448bf6c59cc5291207a1c98><span class='ff_tc_checkbox'><input type=\"checkbox\" name=\"terms-n-condition\" class=\"ff-el-form-check-input\" data-name=\"terms-n-condition\" id=\"terms-n-condition_d9419fa8e448bf6c59cc5291207a1c98\"  value='on' aria-invalid='false' aria-required=true><\/span> <div class='ff_t_c'><p>He leido y aceptado\u00a0la <a href=\"https:\/\/degoma.es\/politica-de-privacidad\/\" target=\"_blank\" rel=\"noopener\">Pol\u00edtica de privacidad<\/a><\/p><\/div><\/label><\/div><\/div><div class='ff-el-group ff-text-left ff_submit_btn_wrapper'><button type=\"submit\" class=\"ff-btn ff-btn-submit ff-btn-lg ff_btn_style wpf_has_custom_css\"  aria-label=\"Enviar consulta\">Enviar consulta<\/button><\/div><\/fieldset><\/form><div id='fluentform_1_errors' class='ff-errors-in-stack ff_form_instance_1_1 ff-form-loading_errors ff_form_instance_1_1_errors'><\/div><\/div>            <script type=\"text\/javascript\">\n                window.fluent_form_ff_form_instance_1_1 = {\"id\":\"1\",\"settings\":{\"layout\":{\"labelPlacement\":\"top\",\"helpMessagePlacement\":\"with_label\",\"errorMessagePlacement\":\"inline\"},\"restrictions\":{\"denyEmptySubmission\":{\"enabled\":false}}},\"form_instance\":\"ff_form_instance_1_1\",\"form_id_selector\":\"fluentform_1\",\"rules\":{\"nombre[first_name]\":{\"required\":{\"value\":true,\"message\":\"Nombre requerido\",\"global\":false,\"global_message\":\"Este campo es obligatorio\"}},\"nombre[middle_name]\":{\"required\":{\"value\":false,\"message\":\"This field is required\",\"global\":false,\"global_message\":\"Este campo es obligatorio\"}},\"nombre[last_name]\":{\"required\":{\"value\":false,\"message\":\"This field is required\",\"global\":false,\"global_message\":\"Este campo es obligatorio\"}},\"email\":{\"required\":{\"value\":true,\"message\":\"Email field is required\",\"global\":false,\"global_message\":\"Este campo es obligatorio\"},\"email\":{\"value\":true,\"message\":\"This field must contain a valid email\",\"global\":false,\"global_message\":\"Este campo debe contener un correo electr\\u00f3nico v\\u00e1lido\"}},\"phone\":{\"required\":{\"value\":true,\"message\":\"Campo requerido\",\"global\":false,\"global_message\":\"Este campo es obligatorio\"},\"valid_phone_number\":{\"value\":false,\"message\":\"Phone number is not valid\",\"global\":false,\"global_message\":\"El n\\u00famero de tel\\u00e9fono no es v\\u00e1lido\"}},\"department\":{\"required\":{\"value\":true,\"message\":\"Departamento es requerido\",\"global\":false,\"global_message\":\"Este campo es obligatorio\"}},\"mensaje\":{\"required\":{\"value\":true,\"message\":\"Mensaje requerido\",\"global\":false,\"global_message\":\"Este campo es obligatorio\"}},\"terms-n-condition\":{\"required\":{\"value\":true,\"message\":\"Campo requerido\",\"global\":false,\"global_message\":\"Este campo es obligatorio\"}}},\"debounce_time\":300};\n                            <\/script>\n                        <\/div>\n\n            \t\t\t\t<\/div>\n\t\t\t\t<\/div>\n\t\t\t\t\t<\/div>\n\t\t<\/div>\n\t\t\t\t\t<\/div>\n\t\t<\/section>\n\t\t\t\t\t<\/div>\n\t\t<\/div>\n\t\t\t\t\t<\/div>\n\t\t<\/section>\n\t\t\t\t<section class=\"wd-negative-gap elementor-section elementor-top-section elementor-element elementor-element-672fa92 wd-section-stretch-content elementor-section-boxed elementor-section-height-default elementor-section-height-default\" data-id=\"672fa92\" data-element_type=\"section\" data-e-type=\"section\">\n\t\t\t\t\t\t<div class=\"elementor-container elementor-column-gap-default\">\n\t\t\t\t\t<div class=\"elementor-column elementor-col-100 elementor-top-column elementor-element elementor-element-770dc7e\" data-id=\"770dc7e\" data-element_type=\"column\" data-e-type=\"column\">\n\t\t\t<div class=\"elementor-widget-wrap elementor-element-populated\">\n\t\t\t\t\t\t<div class=\"elementor-element elementor-element-87f2e0f elementor-widget elementor-widget-google_maps\" data-id=\"87f2e0f\" data-element_type=\"widget\" data-e-type=\"widget\" data-widget_type=\"google_maps.default\">\n\t\t\t\t<div class=\"elementor-widget-container\">\n\t\t\t\t\t\t\t<div class=\"elementor-custom-embed\">\n\t\t\t<iframe loading=\"lazy\"\n\t\t\t\t\tsrc=\"https:\/\/maps.google.com\/maps?q=degoma.es&#038;t=m&#038;z=14&#038;output=embed&#038;iwloc=near\"\n\t\t\t\t\ttitle=\"degoma.es\"\n\t\t\t\t\taria-label=\"degoma.es\"\n\t\t\t><\/iframe>\n\t\t<\/div>\n\t\t\t\t\t\t<\/div>\n\t\t\t\t<\/div>\n\t\t\t\t\t<\/div>\n\t\t<\/div>\n\t\t\t\t\t<\/div>\n\t\t<\/section>\n\t\t\t\t<\/div>\n\t\t","protected":false},"excerpt":{"rendered":"<p>\u00bfEN QU\u00c9 PODEMOS AYUDARTE? Degoma\u00ae Tu empresa de confianza, fabricante de suelos de caucho SBR para zonas de juego y<\/p>","protected":false},"author":3781,"featured_media":0,"parent":0,"menu_order":0,"comment_status":"closed","ping_status":"closed","template":"","meta":{"_acf_changed":false,"footnotes":""},"class_list":["post-651","page","type-page","status-publish","hentry"],"acf":[],"yoast_head":"<!-- This site is optimized with the Yoast SEO Premium plugin v27.2 (Yoast SEO v27.2) - https:\/\/yoast.com\/product\/yoast-seo-premium-wordpress\/ -->\n<title>Contactar con Degoma | Empresa Fabricante de suelos de caucho<\/title>\n<meta name=\"description\" content=\"Degoma - Contactar - Fabricantes de suelos de caucho para parques infantiles - Entregas en toda Espa\u00f1a - Fabricante desde 1978\" \/>\n<meta name=\"robots\" content=\"index, follow, max-snippet:-1, max-image-preview:large, max-video-preview:-1\" \/>\n<link rel=\"canonical\" href=\"https:\/\/degoma.es\/en\/contact\/\" \/>\n<meta property=\"og:locale\" content=\"en_GB\" \/>\n<meta property=\"og:type\" content=\"article\" \/>\n<meta property=\"og:title\" content=\"Contacto\" \/>\n<meta property=\"og:description\" content=\"Degoma - Contactar - Fabricantes de suelos de caucho para parques infantiles - Entregas en toda Espa\u00f1a - Fabricante desde 1978\" \/>\n<meta property=\"og:url\" content=\"https:\/\/degoma.es\/en\/contact\/\" \/>\n<meta property=\"og:site_name\" content=\"DEGOMA\" \/>\n<meta property=\"article:modified_time\" content=\"2024-10-23T10:10:50+00:00\" \/>\n<meta name=\"twitter:card\" content=\"summary_large_image\" \/>\n<meta name=\"twitter:label1\" content=\"Estimated reading time\" \/>\n\t<meta name=\"twitter:data1\" content=\"1 minute\" \/>\n<!-- \/ Yoast SEO Premium plugin. -->","yoast_head_json":{"title":"Contactar con Degoma | Empresa Fabricante de suelos de caucho","description":"Degoma - Contactar - Fabricantes de suelos de caucho para parques infantiles - Entregas en toda Espa\u00f1a - Fabricante desde 1978","robots":{"index":"index","follow":"follow","max-snippet":"max-snippet:-1","max-image-preview":"max-image-preview:large","max-video-preview":"max-video-preview:-1"},"canonical":"https:\/\/degoma.es\/en\/contact\/","og_locale":"en_GB","og_type":"article","og_title":"Contacto","og_description":"Degoma - Contactar - Fabricantes de suelos de caucho para parques infantiles - Entregas en toda Espa\u00f1a - Fabricante desde 1978","og_url":"https:\/\/degoma.es\/en\/contact\/","og_site_name":"DEGOMA","article_modified_time":"2024-10-23T10:10:50+00:00","twitter_card":"summary_large_image","twitter_misc":{"Estimated reading time":"1 minute"},"schema":{"@context":"https:\/\/schema.org","@graph":[{"@type":"WebPage","@id":"https:\/\/degoma.es\/contacto\/","url":"https:\/\/degoma.es\/contacto\/","name":"Contactar con Degoma | Empresa Fabricante de suelos de caucho","isPartOf":{"@id":"https:\/\/degoma.es\/#website"},"datePublished":"2017-06-27T06:20:05+00:00","dateModified":"2024-10-23T10:10:50+00:00","description":"Degoma - Contactar - Fabricantes de suelos de caucho para parques infantiles - Entregas en toda Espa\u00f1a - Fabricante desde 1978","breadcrumb":{"@id":"https:\/\/degoma.es\/contacto\/#breadcrumb"},"inLanguage":"en-GB","potentialAction":[{"@type":"ReadAction","target":["https:\/\/degoma.es\/contacto\/"]}]},{"@type":"BreadcrumbList","@id":"https:\/\/degoma.es\/contacto\/#breadcrumb","itemListElement":[{"@type":"ListItem","position":1,"name":"Inicio","item":"https:\/\/degoma.es\/"},{"@type":"ListItem","position":2,"name":"Contacto"}]},{"@type":"WebSite","@id":"https:\/\/degoma.es\/#website","url":"https:\/\/degoma.es\/","name":"DEGOMA","description":"Suelos de caucho de calidad para exterior","publisher":{"@id":"https:\/\/degoma.es\/#organization"},"potentialAction":[{"@type":"SearchAction","target":{"@type":"EntryPoint","urlTemplate":"https:\/\/degoma.es\/?s={search_term_string}"},"query-input":{"@type":"PropertyValueSpecification","valueRequired":true,"valueName":"search_term_string"}}],"inLanguage":"en-GB"},{"@type":"Organization","@id":"https:\/\/degoma.es\/#organization","name":"FCCartagena","url":"https:\/\/degoma.es\/","logo":{"@type":"ImageObject","inLanguage":"en-GB","@id":"https:\/\/degoma.es\/#\/schema\/logo\/image\/","url":"","contentUrl":"","caption":"FCCartagena"},"image":{"@id":"https:\/\/degoma.es\/#\/schema\/logo\/image\/"}}]}},"_links":{"self":[{"href":"https:\/\/degoma.es\/en\/wp-json\/wp\/v2\/pages\/651","targetHints":{"allow":["GET"]}}],"collection":[{"href":"https:\/\/degoma.es\/en\/wp-json\/wp\/v2\/pages"}],"about":[{"href":"https:\/\/degoma.es\/en\/wp-json\/wp\/v2\/types\/page"}],"author":[{"embeddable":true,"href":"https:\/\/degoma.es\/en\/wp-json\/wp\/v2\/users\/3781"}],"replies":[{"embeddable":true,"href":"https:\/\/degoma.es\/en\/wp-json\/wp\/v2\/comments?post=651"}],"version-history":[{"count":5,"href":"https:\/\/degoma.es\/en\/wp-json\/wp\/v2\/pages\/651\/revisions"}],"predecessor-version":[{"id":155305,"href":"https:\/\/degoma.es\/en\/wp-json\/wp\/v2\/pages\/651\/revisions\/155305"}],"wp:attachment":[{"href":"https:\/\/degoma.es\/en\/wp-json\/wp\/v2\/media?parent=651"}],"curies":[{"name":"wp","href":"https:\/\/api.w.org\/{rel}","templated":true}]}}